{"id":142,"date":"2025-05-03T03:16:28","date_gmt":"2025-05-03T03:16:28","guid":{"rendered":"https:\/\/academic.csuohio.edu\/pershey-monica\/?page_id=142"},"modified":"2025-05-03T17:20:07","modified_gmt":"2025-05-03T17:20:07","slug":"klenk-m-gordon-pershey-m-2022-the-effects-of-childhood-traumatic-life-events-on-development-and-learning-submitted-to-ehearsay-journal-of-the-ohio-speech-language-hearing-association-h","status":"publish","type":"page","link":"https:\/\/academic.csuohio.edu\/pershey-monica\/klenk-m-gordon-pershey-m-2022-the-effects-of-childhood-traumatic-life-events-on-development-and-learning-submitted-to-ehearsay-journal-of-the-ohio-speech-language-hearing-association-h\/","title":{"rendered":"Klenk, M. &amp; Gordon-Pershey, M. (2022). The effects of childhood traumatic life events on development and learning. Submitted to eHearsay, Journal of the Ohio Speech-Language-Hearing Association. https:\/\/www.ohioslha.org."},"content":{"rendered":"\n<h2 class=\"wp-block-heading has-text-align-left\"><strong>The effects of childhood traumatic life events on development and learning<\/strong><\/h2>\n\n\n\n<p><strong>Klenk, M., &amp; Gordon-Pershey, M. (2022). The effects of childhood traumatic life events on development and learning. eHearsay, J<em>ournal of the Ohio Speech-Language-Hearing Association,<\/em> <em>12<\/em>(1), 56-70.&nbsp;<a href=\"https:\/\/www.ohioslha.org\/wp-content\/uploads\/2021\/12\/eHearsay-DEI-Issue.pdf\" target=\"_blank\" rel=\"noopener\">https:\/\/www.ohioslha.org\/wp-content\/uploads\/2021\/12\/eHearsay-DEI-Issue.pdf <\/a><\/strong><\/p>\n\n\n\n<p><a href=\"https:\/\/academic.csuohio.edu\/pershey-monica\/wp-content\/uploads\/sites\/161\/2025\/02\/EHEARSAY-WINTER-2022.pdf\" target=\"_blank\" rel=\"noopener\"><img loading=\"lazy\" decoding=\"async\" width=\"37\" height=\"50\" src=\"https:\/\/lh7-rt.googleusercontent.com\/docsz\/AD_4nXd1T5Zlqru-Oam4KHMFO5d06sSCx1kLwLAOnyiYE5yx63D0Gtz8sFfeGpIiNNonAT11EI_o_Q4BPAETmlbQbiiBwsoeBNbu4A4KlfIzO6hy3SeHXmANQb9767fQHfNJGY5meY2P4g?key=OW65TE4HwM0P_hpDRfC0Ip2K\" alt=\"POST 2019_V9_2_Summer (2).pdf\"><\/a><\/p>\n\n\n\n<h2 class=\"wp-block-heading\">Cited by: <\/h2>\n\n\n\n<p>Sayin, P. (2024). \u00dcniversite \u00f6\u011frencilerinde \u00e7ocukluk \u00e7a\u011f\u0131 travmas\u0131n\u0131n depresif belirtiler ile \u00f6z-\u015fefkat ili\u015fkisinin incelenmesi. <em>International Journal of Social Sciences, 8<\/em>(34), 181\u2013201. <a href=\"https:\/\/doi.org\/10.52096\/usbd.8.34.11\" target=\"_blank\" rel=\"noopener\">https:\/\/doi.org\/10.52096\/usbd.8.34.11 <\/a><\/p>\n\n\n\n<p><a href=\"https:\/\/academic.csuohio.edu\/pershey-monica\/wp-content\/uploads\/sites\/161\/2025\/04\/COCUKLUK-CAGI-TRAVMALARI-DEPRESIF-BELIRTILER.pdf\" data-type=\"link\" data-id=\"https:\/\/academic.csuohio.edu\/pershey-monica\/wp-content\/uploads\/sites\/161\/2025\/04\/COCUKLUK-CAGI-TRAVMALARI-DEPRESIF-BELIRTILER.pdf\" target=\"_blank\" rel=\"noopener\"><img loading=\"lazy\" decoding=\"async\" width=\"37\" height=\"50\" src=\"https:\/\/lh7-rt.googleusercontent.com\/docsz\/AD_4nXd1T5Zlqru-Oam4KHMFO5d06sSCx1kLwLAOnyiYE5yx63D0Gtz8sFfeGpIiNNonAT11EI_o_Q4BPAETmlbQbiiBwsoeBNbu4A4KlfIzO6hy3SeHXmANQb9767fQHfNJGY5meY2P4g?key=OW65TE4HwM0P_hpDRfC0Ip2K\" alt=\"POST 2019_V9_2_Summer (2).pdf\"><\/a><\/p>\n\n\n\n<p><\/p>\n","protected":false},"excerpt":{"rendered":"<p>The effects of childhood traumatic life events on development and learning Klenk, M., &amp; Gordon-Pershey, M. (2022). The effects of childhood traumatic life events on development and learning. eHearsay, Journal of the Ohio Speech-Language-Hearing Association, 12(1), 56-70.&nbsp;https:\/\/www.ohioslha.org\/wp-content\/uploads\/2021\/12\/eHearsay-DEI-Issue.pdf Cited by: Sayin, P. (2024). \u00dcniversite \u00f6\u011frencilerinde \u00e7ocukluk \u00e7a\u011f\u0131 travmas\u0131n\u0131n depresif belirtiler ile \u00f6z-\u015fefkat ili\u015fkisinin incelenmesi. International Journal&mldr;<\/p>\n","protected":false},"author":136,"featured_media":0,"parent":0,"menu_order":0,"comment_status":"closed","ping_status":"closed","template":"","meta":{"_relevanssi_hide_post":"","_relevanssi_hide_content":"","_relevanssi_pin_for_all":"","_relevanssi_pin_keywords":"","_relevanssi_unpin_keywords":"","_relevanssi_related_keywords":"","_relevanssi_related_include_ids":"","_relevanssi_related_exclude_ids":"","_relevanssi_related_no_append":"","_relevanssi_related_not_related":"","_relevanssi_related_posts":"","_relevanssi_noindex_reason":"","footnotes":""},"class_list":["post-142","page","type-page","status-publish","hentry"],"featured_image_src":null,"_links":{"self":[{"href":"https:\/\/academic.csuohio.edu\/pershey-monica\/wp-json\/wp\/v2\/pages\/142","targetHints":{"allow":["GET"]}}],"collection":[{"href":"https:\/\/academic.csuohio.edu\/pershey-monica\/wp-json\/wp\/v2\/pages"}],"about":[{"href":"https:\/\/academic.csuohio.edu\/pershey-monica\/wp-json\/wp\/v2\/types\/page"}],"author":[{"embeddable":true,"href":"https:\/\/academic.csuohio.edu\/pershey-monica\/wp-json\/wp\/v2\/users\/136"}],"replies":[{"embeddable":true,"href":"https:\/\/academic.csuohio.edu\/pershey-monica\/wp-json\/wp\/v2\/comments?post=142"}],"version-history":[{"count":15,"href":"https:\/\/academic.csuohio.edu\/pershey-monica\/wp-json\/wp\/v2\/pages\/142\/revisions"}],"predecessor-version":[{"id":1374,"href":"https:\/\/academic.csuohio.edu\/pershey-monica\/wp-json\/wp\/v2\/pages\/142\/revisions\/1374"}],"wp:attachment":[{"href":"https:\/\/academic.csuohio.edu\/pershey-monica\/wp-json\/wp\/v2\/media?parent=142"}],"curies":[{"name":"wp","href":"https:\/\/api.w.org\/{rel}","templated":true}]}}