{"id":160,"date":"2025-05-03T03:25:36","date_gmt":"2025-05-03T03:25:36","guid":{"rendered":"https:\/\/academic.csuohio.edu\/pershey-monica\/?page_id=160"},"modified":"2025-05-03T17:20:06","modified_gmt":"2025-05-03T17:20:06","slug":"10gordon-pershey-m-wadams-a-2017-the-relationship-of-language-and-attention-in-elders-with-nonfluent-aphasia-cogent-medicine-4-1356063-doi-10-1080-2331205x-2017","status":"publish","type":"page","link":"https:\/\/academic.csuohio.edu\/pershey-monica\/10gordon-pershey-m-wadams-a-2017-the-relationship-of-language-and-attention-in-elders-with-nonfluent-aphasia-cogent-medicine-4-1356063-doi-10-1080-2331205x-2017\/","title":{"rendered":"Gordon Pershey, M., &amp; Wadams, A. (2017). The relationship of language and attention in elders with nonfluent aphasia.\u00a0Cogent Medicine, 4: 1356063. doi 10.1080\/2331205X.2017."},"content":{"rendered":"\n<h2 class=\"wp-block-heading has-text-align-left\">The relationship of language and attention in elders with nonfluent aphasia<\/h2>\n\n\n\n<p><strong>Gordon Pershey, M., &amp; Wadams, A. (2017). The relationship of language and attention in elders with nonfluent aphasia.&nbsp;<em>Cogent Medicine<\/em>, 4: 1356063. <a href=\"https:\/\/doi.org\/10.1080\/2331205X.2017.1356063\" target=\"_blank\" rel=\"noopener\">doi 10.1080\/2331205X.2017 <\/a><\/strong><\/p>\n\n\n\n<p><a href=\"https:\/\/academic.csuohio.edu\/pershey-monica\/wp-content\/uploads\/sites\/161\/2025\/03\/The-relationship-of-language-and-attention-in-elders-with-nonfluent-aphasia.pdf\" data-type=\"link\" data-id=\"https:\/\/academic.csuohio.edu\/pershey-monica\/wp-content\/uploads\/sites\/161\/2025\/03\/The-relationship-of-language-and-attention-in-elders-with-nonfluent-aphasia.pdf\" target=\"_blank\" rel=\"noopener\"><img decoding=\"async\" style=\"width: 32px\" src=\"https:\/\/static.wixstatic.com\/media\/40d80b8089c8418a961cb75d96d491f7.png\/v1\/fill\/w_37,h_50,al_c,q_85,usm_0.66_1.00_0.01,enc_auto\/40d80b8089c8418a961cb75d96d491f7.png\" alt=\"POST 2019_V9_2_Summer (2).pdf\"><\/a><\/p>\n\n\n\n<h2 class=\"wp-block-heading\">cited by:<\/h2>\n\n\n\n<p>Burda, A. N., Baldwin, J., Cravatta, J., Heetland, J., Jacobs, K., Merfeld, H., Rausch, J., Rinnels, M., &amp; Zollman, R. (2021). Effects of exercise on tests measuring attention and executive function in younger and older adults.&nbsp;<em>Clinical Archives of Communication Disorders<\/em>,&nbsp;<em>6<\/em>(1), 18\u201327. <a href=\"https:\/\/doi.org\/10.21849\/cacd.2021.00360\" target=\"_blank\" rel=\"noopener\">https:\/\/doi.org\/10.21849\/cacd.2021.00360 <\/a><\/p>\n\n\n\n<p><a href=\"https:\/\/academic.csuohio.edu\/pershey-monica\/wp-content\/uploads\/sites\/161\/2025\/04\/Effects-of-exercise-on-tests-measuring-attention-and-executive-function-in-younger-and-older-adults.pdf\" data-type=\"link\" data-id=\"https:\/\/academic.csuohio.edu\/pershey-monica\/wp-content\/uploads\/sites\/161\/2025\/04\/Effects-of-exercise-on-tests-measuring-attention-and-executive-function-in-younger-and-older-adults.pdf\" target=\"_blank\" rel=\"noopener\"><img decoding=\"async\" style=\"width: 32px\" src=\"https:\/\/static.wixstatic.com\/media\/40d80b8089c8418a961cb75d96d491f7.png\/v1\/fill\/w_37,h_50,al_c,q_85,usm_0.66_1.00_0.01,enc_auto\/40d80b8089c8418a961cb75d96d491f7.png\" alt=\"POST 2019_V9_2_Summer (2).pdf\"><\/a><\/p>\n\n\n\n<p>Huang, Q., Shu, T., Xu, W., &amp; Chen, Z. (2022). Alerting, orienting, executive control and language function in post-stroke aphasia patients.&nbsp;<em>Rehabilitation Science, 7<\/em>(1).<a href=\"https:\/\/doi.org\/10.11648\/j.rs.20220701.12\" target=\"_blank\" rel=\"noopener\">10.11648\/j.rs.20220701.12 <\/a><\/p>\n\n\n\n<p><a href=\"https:\/\/academic.csuohio.edu\/pershey-monica\/wp-content\/uploads\/sites\/161\/2025\/04\/Alerting-Orienting-Executive-Control-and-Language.pdf\" data-type=\"link\" data-id=\"https:\/\/academic.csuohio.edu\/pershey-monica\/wp-content\/uploads\/sites\/161\/2025\/04\/Alerting-Orienting-Executive-Control-and-Language.pdf\" target=\"_blank\" rel=\"noopener\"><img decoding=\"async\" style=\"width: 32px\" src=\"https:\/\/static.wixstatic.com\/media\/40d80b8089c8418a961cb75d96d491f7.png\/v1\/fill\/w_37,h_50,al_c,q_85,usm_0.66_1.00_0.01,enc_auto\/40d80b8089c8418a961cb75d96d491f7.png\" alt=\"POST 2019_V9_2_Summer (2).pdf\"><\/a><\/p>\n\n\n\n<p>Huang, T.-J., Chang, P.-H., Chiou, H.-S., &amp; Hsu, H. (2024). Nonlinguistic cognitive functions of Mandarin speakers with poststroke aphasia.&nbsp;<em>American Journal of Speech-Language Pathology, 33<\/em>(2), 756\u2013773.&nbsp;<a href=\"https:\/\/doi.org\/10.1044\/2023_AJSLP-23-00122\" target=\"_blank\" rel=\"noopener\">https:\/\/doi.org\/10.1044\/2023_AJSLP-23-00122 <\/a><\/p>\n\n\n\n<p><a href=\"https:\/\/www.researchgate.net\/publication\/362548533_Alerting_Orienting_Executive_Control_and_Language_Function_in_Post-stroke_Aphasia_Patients\/fulltext\/63b6b0e3a03100368a5635db\/Alerting-Orienting-Executive-Control-and-Language-Function-in-Post-stroke-Aphasia-Patients.pdf?_tp=eyJjb250ZXh0Ijp7ImZpcnN0UGFnZSI6InB1YmxpY2F0aW9uIiwicGFnZSI6InB1YmxpY2F0aW9uIn19\"> <\/a><a href=\"https:\/\/academic.csuohio.edu\/pershey-monica\/wp-content\/uploads\/sites\/161\/2025\/02\/The-relationship-of-language-and-attention-in-elders.-Nonlinguistic-Cognition-Functions-of-Mandarin.pdf\" data-type=\"link\" data-id=\"https:\/\/academic.csuohio.edu\/pershey-monica\/wp-content\/uploads\/sites\/161\/2025\/02\/The-relationship-of-language-and-attention-in-elders.-Nonlinguistic-Cognition-Functions-of-Mandarin.pdf\" target=\"_blank\" rel=\"noopener\"><img decoding=\"async\" style=\"width: 32px\" src=\"https:\/\/static.wixstatic.com\/media\/40d80b8089c8418a961cb75d96d491f7.png\/v1\/fill\/w_37,h_50,al_c,q_85,usm_0.66_1.00_0.01,enc_auto\/40d80b8089c8418a961cb75d96d491f7.png\" alt=\"POST 2019_V9_2_Summer (2).pdf\"><\/a><\/p>\n\n\n\n<p>LaCroix, A. N., Tully, M., &amp; Rogalsky, C. (2020). Assessment of alerting, orienting, and executive control in persons with aphasia using the Attention Network Test.&nbsp;<em>Aphasiology<\/em>, 1-16. Retrieved from&nbsp;<a href=\"https:\/\/www.tandfonline.com\/doi\/abs\/10.1080\/02687038.2020.1795077\" target=\"_blank\" rel=\"noopener\">https:\/\/www.tandfonline.com\/doi\/abs\/10.1080\/02687038.2020.1795077 <\/a><\/p>\n\n\n\n<figure class=\"wp-block-image is-resized\"><a href=\"https:\/\/academic.csuohio.edu\/pershey-monica\/wp-content\/uploads\/sites\/161\/2025\/03\/LaCroixetal.2020-AssessmentofalertingorientingandexecutivecontrolinpersonswithaphasiausingtheAttentionNetworkTest.pdf\" target=\"_blank\" rel=\"noopener\"><img decoding=\"async\" src=\"https:\/\/static.wixstatic.com\/media\/40d80b8089c8418a961cb75d96d491f7.png\/v1\/fill\/w_37,h_50,al_c,q_85,usm_0.66_1.00_0.01,enc_auto\/40d80b8089c8418a961cb75d96d491f7.png\" alt=\"POST 2019_V9_2_Summer (2).pdf\" style=\"width:32px;height:auto\" \/><\/a><\/figure>\n\n\n\n<p>O\u011fuz, \u00d6. (2021).\u00a0<em>Oxford bili\u015fsel tarama testinin T\u00fcrk\u00e7eye uyarlanmas\u0131: \u0130nmeli bireylerde ge\u00e7erlik ve g\u00fcvenirlik \u00e7al\u0131\u015fmas\u0131<\/em> [Doctoral dissertation, Anadolu University]. Anadolu University Institutional Repository. <a href=\"https:\/\/earsiv.anadolu.edu.tr\/xmlui\/handle\/11421\/26780\" target=\"_blank\" rel=\"noopener\">https:\/\/earsiv.anadolu.edu.tr\/xmlui\/handle\/11421\/26780 <\/a><\/p>\n\n\n\n<figure class=\"wp-block-image is-resized\"><a href=\"https:\/\/earsiv.anadolu.edu.tr\/xmlui\/bitstream\/handle\/11421\/26780\/681578.pdf?sequence=1&amp;isAllowed=y\" target=\"_blank\" rel=\"noopener\"><img decoding=\"async\" src=\"https:\/\/static.wixstatic.com\/media\/40d80b8089c8418a961cb75d96d491f7.png\/v1\/fill\/w_37,h_50,al_c,q_85,usm_0.66_1.00_0.01,enc_auto\/40d80b8089c8418a961cb75d96d491f7.png\" alt=\"POST 2019_V9_2_Summer (2).pdf\" style=\"width:33px;height:auto\" \/><\/a><\/figure>\n\n\n\n<p>Schiffer, I. (2018).&nbsp;<em>De invloed van afasie op coherentie<\/em>&nbsp;[Unpublished master\u2019s thesis.] Radboud University Nijmegen. Retrieved from <a href=\"https:\/\/theses.ubn.ru.nl\/bitstream\/handle\/123456789\/5959\/Schiffer%2C_Ines_1.pdf?sequence=1\" target=\"_blank\" rel=\"noopener\">https:\/\/theses.ubn.ru.nl\/bitstream\/handle\/123456789\/5959\/Schiffer%2C_Ines_1.pdf?sequence=1 <\/a><\/p>\n\n\n\n<figure class=\"wp-block-image is-resized\"><a href=\"https:\/\/academic.csuohio.edu\/pershey-monica\/wp-content\/uploads\/sites\/161\/2025\/03\/De-invloed-van-afasie-op-coherentie.pdf\" target=\"_blank\" rel=\"noopener\"><img decoding=\"async\" src=\"https:\/\/static.wixstatic.com\/media\/40d80b8089c8418a961cb75d96d491f7.png\/v1\/fill\/w_37,h_50,al_c,q_85,usm_0.66_1.00_0.01,enc_auto\/40d80b8089c8418a961cb75d96d491f7.png\" alt=\"POST 2019_V9_2_Summer (2).pdf\" style=\"width:32px;height:auto\" \/><\/a><\/figure>\n\n\n\n<p>\u200bTheofilakou, Z. (2019).&nbsp;<em>Intraindividual variability of attention in aphasia<\/em>&nbsp;[Unpublished master\u2019s thesis]. University of Ioannina. Retrieved from <a href=\"https:\/\/apothetirio.teiep.gr\/xmlui\/handle\/123456789\/10607\" target=\"_blank\" rel=\"noopener\">https:\/\/apothetirio.teiep.gr\/xmlui\/handle\/123456789\/10607 <\/a><\/p>\n\n\n\n<figure class=\"wp-block-image is-resized\"><a href=\"https:\/\/academic.csuohio.edu\/pershey-monica\/wp-content\/uploads\/sites\/161\/2025\/04\/\u0395\u039d\u0394\u039f\u0391\u03a4\u039f\u039c\u0399\u039a\u0397-\u039c\u0395\u03a4\u0391\u0392\u039b\u0397\u03a4\u039f\u03a4\u0397\u03a4\u0391_Compressed.pdf\" target=\"_blank\" rel=\"noopener\"><img decoding=\"async\" src=\"https:\/\/static.wixstatic.com\/media\/40d80b8089c8418a961cb75d96d491f7.png\/v1\/fill\/w_37,h_50,al_c,q_85,usm_0.66_1.00_0.01,enc_auto\/40d80b8089c8418a961cb75d96d491f7.png\" alt=\"POST 2019_V9_2_Summer (2).pdf\" style=\"width:32px;height:auto\" \/><\/a><\/figure>\n\n\n\n<p>Varkanitsa, M., Godecke, E., &amp; Kiran, S. (2023). How much attention do we pay to attention deficits in poststroke aphasia?&nbsp;<em>Stroke, 54<\/em>(1), 55\u201366. <a href=\"https:\/\/doi.org\/10.1161\/STROKEAHA.122.037936\" target=\"_blank\" rel=\"noopener\">https:\/\/doi.org\/10.1161\/STROKEAHA.122.037936 <\/a><\/p>\n\n\n\n<p><a href=\"https:\/\/academic.csuohio.edu\/pershey-monica\/wp-content\/uploads\/sites\/161\/2025\/04\/varkanitsa-et-al-2022-how-much-attention-do-we-pay-to-attention-deficits-in-poststroke-aphasia.pdf\" data-type=\"link\" data-id=\"https:\/\/academic.csuohio.edu\/pershey-monica\/wp-content\/uploads\/sites\/161\/2025\/04\/varkanitsa-et-al-2022-how-much-attention-do-we-pay-to-attention-deficits-in-poststroke-aphasia.pdf\" target=\"_blank\" rel=\"noopener\"><img decoding=\"async\" style=\"width: 32px\" src=\"https:\/\/static.wixstatic.com\/media\/40d80b8089c8418a961cb75d96d491f7.png\/v1\/fill\/w_37,h_50,al_c,q_85,usm_0.66_1.00_0.01,enc_auto\/40d80b8089c8418a961cb75d96d491f7.png\" alt=\"POST 2019_V9_2_Summer (2).pdf\"><\/a><\/p>\n\n\n\n<p>Zadeh, A. M., Mehri, A., Jalaie, S., Nejati, V., &amp; Khatoonabadi, A. R. (2020). The effect of combining attention training program into language-based treatment of anomia on word retrieval: A case report.&nbsp;<em>Journal of Modern Rehabilitation, 14<\/em>(4), 253-260. Retrieved from <a href=\"https:\/\/jmr.tums.ac.ir\/index.php\/jmr\/article\/view\/300\" target=\"_blank\" rel=\"noopener\">https:\/\/jmr.tums.ac.ir\/index.php\/jmr\/article\/view\/300 <\/a><\/p>\n\n\n\n<p><a href=\"https:\/\/academic.csuohio.edu\/pershey-monica\/wp-content\/uploads\/sites\/161\/2025\/03\/300-Article-Text-2746-1-10-20211214.pdf\" data-type=\"link\" data-id=\"https:\/\/academic.csuohio.edu\/pershey-monica\/wp-content\/uploads\/sites\/161\/2025\/03\/300-Article-Text-2746-1-10-20211214.pdf\" target=\"_blank\" rel=\"noopener\"><img decoding=\"async\" style=\"width: 32px\" src=\"https:\/\/static.wixstatic.com\/media\/40d80b8089c8418a961cb75d96d491f7.png\/v1\/fill\/w_37,h_50,al_c,q_85,usm_0.66_1.00_0.01,enc_auto\/40d80b8089c8418a961cb75d96d491f7.png\" alt=\"POST 2019_V9_2_Summer (2).pdf\"><\/a><\/p>\n\n\n\n<p><a href=\"https:\/\/d3104c2e-a4f7-473d-afbf-9208ab847cb3.filesusr.com\/ugd\/fab74c_e318dc515ec24581b85c4882ba76c36a.pdf\" target=\"_blank\" rel=\"noopener\"> <\/a><\/p>\n\n\n\n<p><a href=\"https:\/\/d3104c2e-a4f7-473d-afbf-9208ab847cb3.filesusr.com\/ugd\/fab74c_9e8b5ef861634f7ead4b2dc184d89e71.pdf\" target=\"_blank\" rel=\"noopener\"> <\/a><a href=\"https:\/\/d3104c2e-a4f7-473d-afbf-9208ab847cb3.filesusr.com\/ugd\/fab74c_9e8b5ef861634f7ead4b2dc184d89e71.pdf\" target=\"_blank\" rel=\"noopener\"> <\/a><\/p>\n","protected":false},"excerpt":{"rendered":"<p>The relationship of language and attention in elders with nonfluent aphasia Gordon Pershey, M., &amp; Wadams, A. (2017). The relationship of language and attention in elders with nonfluent aphasia.&nbsp;Cogent Medicine, 4: 1356063. doi 10.1080\/2331205X.2017 cited by: Burda, A. N., Baldwin, J., Cravatta, J., Heetland, J., Jacobs, K., Merfeld, H., Rausch, J., Rinnels, M., &amp; Zollman,&mldr;<\/p>\n","protected":false},"author":136,"featured_media":0,"parent":0,"menu_order":0,"comment_status":"closed","ping_status":"closed","template":"","meta":{"_relevanssi_hide_post":"","_relevanssi_hide_content":"","_relevanssi_pin_for_all":"","_relevanssi_pin_keywords":"","_relevanssi_unpin_keywords":"","_relevanssi_related_keywords":"","_relevanssi_related_include_ids":"","_relevanssi_related_exclude_ids":"","_relevanssi_related_no_append":"","_relevanssi_related_not_related":"","_relevanssi_related_posts":"","_relevanssi_noindex_reason":"","footnotes":""},"class_list":["post-160","page","type-page","status-publish","hentry"],"featured_image_src":null,"_links":{"self":[{"href":"https:\/\/academic.csuohio.edu\/pershey-monica\/wp-json\/wp\/v2\/pages\/160","targetHints":{"allow":["GET"]}}],"collection":[{"href":"https:\/\/academic.csuohio.edu\/pershey-monica\/wp-json\/wp\/v2\/pages"}],"about":[{"href":"https:\/\/academic.csuohio.edu\/pershey-monica\/wp-json\/wp\/v2\/types\/page"}],"author":[{"embeddable":true,"href":"https:\/\/academic.csuohio.edu\/pershey-monica\/wp-json\/wp\/v2\/users\/136"}],"replies":[{"embeddable":true,"href":"https:\/\/academic.csuohio.edu\/pershey-monica\/wp-json\/wp\/v2\/comments?post=160"}],"version-history":[{"count":25,"href":"https:\/\/academic.csuohio.edu\/pershey-monica\/wp-json\/wp\/v2\/pages\/160\/revisions"}],"predecessor-version":[{"id":1390,"href":"https:\/\/academic.csuohio.edu\/pershey-monica\/wp-json\/wp\/v2\/pages\/160\/revisions\/1390"}],"wp:attachment":[{"href":"https:\/\/academic.csuohio.edu\/pershey-monica\/wp-json\/wp\/v2\/media?parent=160"}],"curies":[{"name":"wp","href":"https:\/\/api.w.org\/{rel}","templated":true}]}}