{"id":167,"date":"2025-05-03T03:29:14","date_gmt":"2025-05-03T03:29:14","guid":{"rendered":"https:\/\/academic.csuohio.edu\/pershey-monica\/?page_id=167"},"modified":"2025-05-03T03:29:14","modified_gmt":"2025-05-03T03:29:14","slug":"gordon-pershey-m-reese-s-2003-consumer-satisfaction-with-speech-language-pathology-services-in-university-clinics-the-clinical-supervisor-212-185-205","status":"publish","type":"page","link":"https:\/\/academic.csuohio.edu\/pershey-monica\/gordon-pershey-m-reese-s-2003-consumer-satisfaction-with-speech-language-pathology-services-in-university-clinics-the-clinical-supervisor-212-185-205\/","title":{"rendered":"Gordon Pershey, M., &amp; Reese, S. (2003). Consumer satisfaction with speech-language pathology services in university clinics.\u00a0The Clinical Supervisor, 21(2), 185-205."},"content":{"rendered":"\n<h2 class=\"wp-block-heading\"><strong>Consumer satisfaction with speech-language pathology services in university clinics<\/strong><\/h2>\n\n\n\n<p><strong>Gordon Pershey, M., &amp; Reese, S. (2003). Consumer satisfaction with speech-language pathology services in university clinics.&nbsp;<em>The Clinical Supervisor, 21<\/em>(2), 185-205. <a href=\"https:\/\/www.tandfonline.com\/doi\/abs\/10.1300\/J001v21n02_12\" target=\"_blank\" rel=\"noopener\">https:\/\/www.tandfonline.com\/doi\/abs\/10.1300\/J001v21n02_12 <\/a><\/strong><\/p>\n\n\n\n<p><a href=\"https:\/\/academic.csuohio.edu\/pershey-monica\/wp-content\/uploads\/sites\/161\/2025\/04\/Consumer-Satisfaction-with-Speech-Language-Pathology-Services-in-University-Clinics.pdf\" data-type=\"link\" data-id=\"https:\/\/academic.csuohio.edu\/pershey-monica\/wp-content\/uploads\/sites\/161\/2025\/04\/Consumer-Satisfaction-with-Speech-Language-Pathology-Services-in-University-Clinics.pdf\" target=\"_blank\" rel=\"noopener\"><img loading=\"lazy\" decoding=\"async\" width=\"37\" height=\"50\" src=\"https:\/\/lh7-rt.googleusercontent.com\/docsz\/AD_4nXd1T5Zlqru-Oam4KHMFO5d06sSCx1kLwLAOnyiYE5yx63D0Gtz8sFfeGpIiNNonAT11EI_o_Q4BPAETmlbQbiiBwsoeBNbu4A4KlfIzO6hy3SeHXmANQb9767fQHfNJGY5meY2P4g?key=OW65TE4HwM0P_hpDRfC0Ip2K\" alt=\"POST 2019_V9_2_Summer (2).pdf\"><\/a><\/p>\n\n\n\n<h2 class=\"wp-block-heading\">cited by<\/h2>\n\n\n\n<p>Carozza, L. S. (2010).&nbsp;<em>Science of successful supervision and mentorship<\/em>. Plural Publishing. <a href=\"https:\/\/www.pluralpublishing.com\/publications\/science-of-successful-supervision-and-mentorship\" target=\"_blank\" rel=\"noopener\">https:\/\/www.pluralpublishing.com\/publications\/science-of-successful-supervision-and-mentorship <\/a><a href=\"https:\/\/d3104c2e-a4f7-473d-afbf-9208ab847cb3.filesusr.com\/ugd\/fab74c_8c76f454e1714d4e902ba2f545536361.pdf\" data-type=\"link\" data-id=\"https:\/\/d3104c2e-a4f7-473d-afbf-9208ab847cb3.filesusr.com\/ugd\/fab74c_8c76f454e1714d4e902ba2f545536361.pdf\" target=\"_blank\" rel=\"noopener\"> <\/a><\/p>\n\n\n\n<p>Cascia, J. (2013). Analysis of clinical supervisor feedback in speech-language pathology. <em>Perspectives on Administration and Supervision, 23<\/em>(2), 39\u201358. <a href=\"https:\/\/pubs.asha.org\/doi\/pdf\/10.1044\/aas23.2.39\" target=\"_blank\" rel=\"noopener\">https:\/\/doi.org\/10.1044\/aas23.2.39 <\/a><\/p>\n\n\n\n<p>\u200b<a href=\"https:\/\/academic.csuohio.edu\/pershey-monica\/wp-content\/uploads\/sites\/161\/2025\/04\/Analysis-of-Clinical-Supervisor-Feedback-in-Speech-Language-Pathology.pdf\" data-type=\"link\" data-id=\"https:\/\/academic.csuohio.edu\/pershey-monica\/wp-content\/uploads\/sites\/161\/2025\/04\/Analysis-of-Clinical-Supervisor-Feedback-in-Speech-Language-Pathology.pdf\" target=\"_blank\" rel=\"noopener\"><img loading=\"lazy\" decoding=\"async\" width=\"37\" height=\"50\" src=\"https:\/\/lh7-rt.googleusercontent.com\/docsz\/AD_4nXd1T5Zlqru-Oam4KHMFO5d06sSCx1kLwLAOnyiYE5yx63D0Gtz8sFfeGpIiNNonAT11EI_o_Q4BPAETmlbQbiiBwsoeBNbu4A4KlfIzO6hy3SeHXmANQb9767fQHfNJGY5meY2P4g?key=OW65TE4HwM0P_hpDRfC0Ip2K\" alt=\"POST 2019_V9_2_Summer (2).pdf\"><\/a><\/p>\n\n\n\n<p>Finn, E., Hewetson, R., Howells, S., Clifton, J., &amp; Cardell, E. (2023). What students can teach each other: Promoting optimal voice use for teaching through a speech-language pathology student-led voice clinic.&nbsp;<em>Teaching and Teacher Education, 125<\/em>. <a href=\"https:\/\/www.sciencedirect.com\/science\/article\/pii\/S0742051X23000410\" target=\"_blank\" rel=\"noopener\">https:\/\/www.sciencedirect.com\/science\/article\/pii\/S0742051X23000410 <\/a><\/p>\n\n\n\n<p>\u200b<a href=\"https:\/\/academic.csuohio.edu\/pershey-monica\/wp-content\/uploads\/sites\/161\/2025\/04\/What-students-can-teach-each-other-.pdf\" data-type=\"link\" data-id=\"https:\/\/academic.csuohio.edu\/pershey-monica\/wp-content\/uploads\/sites\/161\/2025\/04\/What-students-can-teach-each-other-.pdf\" target=\"_blank\" rel=\"noopener\"><img loading=\"lazy\" decoding=\"async\" width=\"37\" height=\"50\" src=\"https:\/\/lh7-rt.googleusercontent.com\/docsz\/AD_4nXd1T5Zlqru-Oam4KHMFO5d06sSCx1kLwLAOnyiYE5yx63D0Gtz8sFfeGpIiNNonAT11EI_o_Q4BPAETmlbQbiiBwsoeBNbu4A4KlfIzO6hy3SeHXmANQb9767fQHfNJGY5meY2P4g?key=OW65TE4HwM0P_hpDRfC0Ip2K\" alt=\"POST 2019_V9_2_Summer (2).pdf\"><\/a><\/p>\n\n\n\n<p>Headley, D. (2012). Science of successful supervision and mentorship.&nbsp;<em>Journal of Medical Speech-Language Pathology, 20<\/em>(3), xi-xi.&nbsp;<a href=\"https:\/\/go.gale.com\/ps\/anonymous?id=GALE%7CA327452227&amp;sid=googleScholar&amp;v=2.1&amp;it=r&amp;linkaccess=abs&amp;issn=10651438&amp;p=HRCA&amp;sw=w\" target=\"_blank\" rel=\"noopener\">https:\/\/go.gale.com\/ps\/anonymous?id=GALE%7CA327452227&amp;sid=googleScholar&amp;v=2.1&amp;it=r&amp;linkaccess=abs&amp;issn=10651438&amp;p=HRCA&amp;sw=w <\/a><\/p>\n\n\n\n<p>Holck, P., &amp; Lundstr\u00f6m, C. (2012). Utv\u00e4rdering av klinisk handledning p\u00e5 T3\u2013T6 p\u00e5 logopedprogrammet [Evaluation of clinical supervision in semesters T3\u2013T6 of the speech-language pathology program]. H\u00f6gskolepedagogisk projektkurs. <a href=\"https:\/\/journals.lub.lu.se\/MedCUL\/article\/view\/23664\" target=\"_blank\" rel=\"noopener\">https:\/\/journals.lub.lu.se\/MedCUL\/article\/view\/23664 <\/a><\/p>\n\n\n\n<p>\u200b<a href=\"https:\/\/academic.csuohio.edu\/pershey-monica\/wp-content\/uploads\/sites\/161\/2025\/04\/Utvardering-av-klinisk-handledning-pa-T3-T6-pa-logopedprogrammet.pdf\" data-type=\"link\" data-id=\"https:\/\/academic.csuohio.edu\/pershey-monica\/wp-content\/uploads\/sites\/161\/2025\/04\/Utvardering-av-klinisk-handledning-pa-T3-T6-pa-logopedprogrammet.pdf\" target=\"_blank\" rel=\"noopener\"><img loading=\"lazy\" decoding=\"async\" width=\"37\" height=\"50\" src=\"https:\/\/lh7-rt.googleusercontent.com\/docsz\/AD_4nXd1T5Zlqru-Oam4KHMFO5d06sSCx1kLwLAOnyiYE5yx63D0Gtz8sFfeGpIiNNonAT11EI_o_Q4BPAETmlbQbiiBwsoeBNbu4A4KlfIzO6hy3SeHXmANQb9767fQHfNJGY5meY2P4g?key=OW65TE4HwM0P_hpDRfC0Ip2K\" alt=\"POST 2019_V9_2_Summer (2).pdf\"><\/a><\/p>\n\n\n\n<p>Karimi, H., Onslow, M., Jones, M., O\u2019Brian, S., Packman, A.,&nbsp;Menzies, R., Reilly, S., Sommer, M., &amp;&nbsp;Jel\u010di\u0107-Jak\u0161i\u0107, S.&nbsp;(2018). The satisfaction with communication in everyday speaking situations (SCESS) scale: An overarching outcome measure of treatment effect.&nbsp;<em>Journal of Fluency Disorders, 58<\/em>, 77\u201385.&nbsp;<a href=\"https:\/\/doi.org\/10.1016\/j.jfludis.2018.10.002\" target=\"_blank\" rel=\"noopener\">https:\/\/doi.org\/10.1016\/j.jfludis.2018.10.002 <\/a><\/p>\n\n\n\n<p>\u200b<a href=\"https:\/\/academic.csuohio.edu\/pershey-monica\/wp-content\/uploads\/sites\/161\/2025\/04\/The-Satisfaction-with-Communication-in-Everyday-Speaking-Situations-SCESS-scale.pdf\" data-type=\"link\" data-id=\"https:\/\/academic.csuohio.edu\/pershey-monica\/wp-content\/uploads\/sites\/161\/2025\/04\/The-Satisfaction-with-Communication-in-Everyday-Speaking-Situations-SCESS-scale.pdf\" target=\"_blank\" rel=\"noopener\"><img loading=\"lazy\" decoding=\"async\" width=\"37\" height=\"50\" src=\"https:\/\/lh7-rt.googleusercontent.com\/docsz\/AD_4nXd1T5Zlqru-Oam4KHMFO5d06sSCx1kLwLAOnyiYE5yx63D0Gtz8sFfeGpIiNNonAT11EI_o_Q4BPAETmlbQbiiBwsoeBNbu4A4KlfIzO6hy3SeHXmANQb9767fQHfNJGY5meY2P4g?key=OW65TE4HwM0P_hpDRfC0Ip2K\" alt=\"POST 2019_V9_2_Summer (2).pdf\"><\/a><\/p>\n\n\n\n<p>Martin, P. R. (2023). <em>The speech-language pathologist &amp; emotional labor, stress, and compassion fatigue<\/em> (Doctoral dissertation, The University of Southern Mississippi). The Aquila Digital Community. <a href=\"https:\/\/aquila.usm.edu\/cgi\/viewcontent.cgi?article=3226&amp;context=dissertations\" target=\"_blank\" rel=\"noopener\">https:\/\/aquila.usm.edu\/cgi\/viewcontent.cgi?article=3226&amp;context=dissertations <\/a><\/p>\n\n\n\n<p><a href=\"https:\/\/academic.csuohio.edu\/pershey-monica\/wp-content\/uploads\/sites\/161\/2025\/05\/MARTIN-THE-SPEECH-LANGUAGE-PATHOLOGIST-EMOTIONAL-LABOR-STRESS-AND-COMPASSION-FATIGUE.pdf\" data-type=\"link\" data-id=\"https:\/\/academic.csuohio.edu\/pershey-monica\/wp-content\/uploads\/sites\/161\/2025\/05\/MARTIN-THE-SPEECH-LANGUAGE-PATHOLOGIST-EMOTIONAL-LABOR-STRESS-AND-COMPASSION-FATIGUE.pdf\" target=\"_blank\" rel=\"noopener\"><img loading=\"lazy\" decoding=\"async\" width=\"37\" height=\"50\" src=\"https:\/\/lh7-rt.googleusercontent.com\/docsz\/AD_4nXd1T5Zlqru-Oam4KHMFO5d06sSCx1kLwLAOnyiYE5yx63D0Gtz8sFfeGpIiNNonAT11EI_o_Q4BPAETmlbQbiiBwsoeBNbu4A4KlfIzO6hy3SeHXmANQb9767fQHfNJGY5meY2P4g?key=OW65TE4HwM0P_hpDRfC0Ip2K\" alt=\"POST 2019_V9_2_Summer (2).pdf\"><\/a><\/p>\n\n\n\n<p>Mavi\u0307\u015f, \u0130., To\u011fram, A. A., &amp; To\u011fram, B. (2010). T\u00fcrki\u0307ye&#8217;de bi\u0307r \u00fcni\u0307versi\u0307te ara\u015ftirma merkezi\u0307nde di\u0307l ve konu\u015fma hi\u0307zmetleri\u0307ni\u0307n de\u011ferlendi\u0307ri\u0307lmes: M\u00fc\u015fteri\u0307 memnuni\u0307yeti\u0307.&nbsp;<em>Anadolu University Journal of Social Sciences, 10<\/em>(2), 165-184.&nbsp;<a href=\"https:\/\/earsiv.anadolu.edu.tr\/xmlui\/handle\/11421\/373\" target=\"_blank\" rel=\"noopener\">https:\/\/earsiv.anadolu.edu.tr\/xmlui\/handle\/11421\/373 <\/a><\/p>\n\n\n\n<p>\u200b<a href=\"https:\/\/academic.csuohio.edu\/pershey-monica\/wp-content\/uploads\/sites\/161\/2025\/04\/TURKIYEDE-BIR-UNIVERSITE-ARASTIRMA-MERKEZINDE-DIL-VE-KONUSMA-HIZMETLERININ-DEGERLENDIRILMESI-MUSTERI-MEMNUNIYETI.pdf\" data-type=\"link\" data-id=\"https:\/\/academic.csuohio.edu\/pershey-monica\/wp-content\/uploads\/sites\/161\/2025\/04\/TURKIYEDE-BIR-UNIVERSITE-ARASTIRMA-MERKEZINDE-DIL-VE-KONUSMA-HIZMETLERININ-DEGERLENDIRILMESI-MUSTERI-MEMNUNIYETI.pdf\" target=\"_blank\" rel=\"noopener\"><img loading=\"lazy\" decoding=\"async\" width=\"37\" height=\"50\" src=\"https:\/\/lh7-rt.googleusercontent.com\/docsz\/AD_4nXd1T5Zlqru-Oam4KHMFO5d06sSCx1kLwLAOnyiYE5yx63D0Gtz8sFfeGpIiNNonAT11EI_o_Q4BPAETmlbQbiiBwsoeBNbu4A4KlfIzO6hy3SeHXmANQb9767fQHfNJGY5meY2P4g?key=OW65TE4HwM0P_hpDRfC0Ip2K\" alt=\"POST 2019_V9_2_Summer (2).pdf\"><\/a><\/p>\n\n\n\n<p>Meilijson, S., &amp; Katzenberger, I. (2009). Reflections on reflections: Learning processes in speech and language pathology students\u2019 clinical education. P<em>erspectives on Administration and Supervision, 19<\/em>(2), 62\u201371. <a href=\"https:\/\/pubs.asha.org\/doi\/10.1044\/aas19.2.62\" target=\"_blank\" rel=\"noopener\">https:\/\/pubs.asha.org\/doi\/10.1044\/aas19.2.62 <\/a><\/p>\n\n\n\n<p><a href=\"https:\/\/academic.csuohio.edu\/pershey-monica\/wp-content\/uploads\/sites\/161\/2025\/04\/Reflections-on-Reflections.pdf\" data-type=\"link\" data-id=\"https:\/\/academic.csuohio.edu\/pershey-monica\/wp-content\/uploads\/sites\/161\/2025\/04\/Reflections-on-Reflections.pdf\" target=\"_blank\" rel=\"noopener\"><img loading=\"lazy\" decoding=\"async\" width=\"37\" height=\"50\" src=\"https:\/\/lh7-rt.googleusercontent.com\/docsz\/AD_4nXd1T5Zlqru-Oam4KHMFO5d06sSCx1kLwLAOnyiYE5yx63D0Gtz8sFfeGpIiNNonAT11EI_o_Q4BPAETmlbQbiiBwsoeBNbu4A4KlfIzO6hy3SeHXmANQb9767fQHfNJGY5meY2P4g?key=OW65TE4HwM0P_hpDRfC0Ip2K\" alt=\"POST 2019_V9_2_Summer (2).pdf\"><\/a><\/p>\n\n\n\n<p>Sokkar, C., Penman, M., Raymond, J., &amp; McAllister, L. (2019). An Evaluation of Client Satisfaction With Student Delivered Speech-Language Pathology Services in Private Practice.&nbsp;<em>Journal of Clinical Practice in Speech-Language Pathology<\/em>, <em>21<\/em>(2), 65\u201369. <a href=\"https:\/\/doi.org\/10.1080\/22087168.2019.12370252\" target=\"_blank\" rel=\"noopener\">https:\/\/doi.org\/10.1080\/22087168.2019.12370252 <\/a><\/p>\n\n\n\n<p><a href=\"https:\/\/academic.csuohio.edu\/pershey-monica\/wp-content\/uploads\/sites\/161\/2025\/04\/SOKKAR-An-evaluation-of-client-satisfaction-_Compressed_Compressed.pdf\" data-type=\"link\" data-id=\"https:\/\/academic.csuohio.edu\/pershey-monica\/wp-content\/uploads\/sites\/161\/2025\/04\/SOKKAR-An-evaluation-of-client-satisfaction-_Compressed_Compressed.pdf\" target=\"_blank\" rel=\"noopener\"><img loading=\"lazy\" decoding=\"async\" width=\"37\" height=\"50\" src=\"https:\/\/lh7-rt.googleusercontent.com\/docsz\/AD_4nXd1T5Zlqru-Oam4KHMFO5d06sSCx1kLwLAOnyiYE5yx63D0Gtz8sFfeGpIiNNonAT11EI_o_Q4BPAETmlbQbiiBwsoeBNbu4A4KlfIzO6hy3SeHXmANQb9767fQHfNJGY5meY2P4g?key=OW65TE4HwM0P_hpDRfC0Ip2K\" alt=\"POST 2019_V9_2_Summer (2).pdf\"><\/a><\/p>\n\n\n\n<p>Spicko, A. M. (2007).&nbsp;<em>Perceptions of speech-language pathologists<\/em>&nbsp;[Unpublished honors thesis]. Western Michigan University.&nbsp;<a href=\"https:\/\/scholarworks.wmich.edu\/honors_theses\/550\/\" target=\"_blank\" rel=\"noopener\">https:\/\/scholarworks.wmich.edu\/honors_theses\/550\/ <\/a><\/p>\n\n\n\n<p><a href=\"https:\/\/academic.csuohio.edu\/pershey-monica\/wp-content\/uploads\/sites\/161\/2025\/04\/Perceptions-of-Speech-Language-Pathologists.pdf\" data-type=\"link\" data-id=\"https:\/\/academic.csuohio.edu\/pershey-monica\/wp-content\/uploads\/sites\/161\/2025\/04\/Perceptions-of-Speech-Language-Pathologists.pdf\" target=\"_blank\" rel=\"noopener\"><img loading=\"lazy\" decoding=\"async\" width=\"37\" height=\"50\" src=\"https:\/\/lh7-rt.googleusercontent.com\/docsz\/AD_4nXd1T5Zlqru-Oam4KHMFO5d06sSCx1kLwLAOnyiYE5yx63D0Gtz8sFfeGpIiNNonAT11EI_o_Q4BPAETmlbQbiiBwsoeBNbu4A4KlfIzO6hy3SeHXmANQb9767fQHfNJGY5meY2P4g?key=OW65TE4HwM0P_hpDRfC0Ip2K\" alt=\"POST 2019_V9_2_Summer (2).pdf\"><\/a><\/p>\n","protected":false},"excerpt":{"rendered":"<p>Consumer satisfaction with speech-language pathology services in university clinics Gordon Pershey, M., &amp; Reese, S. (2003). Consumer satisfaction with speech-language pathology services in university clinics.&nbsp;The Clinical Supervisor, 21(2), 185-205. https:\/\/www.tandfonline.com\/doi\/abs\/10.1300\/J001v21n02_12 cited by Carozza, L. S. (2010).&nbsp;Science of successful supervision and mentorship. Plural Publishing. https:\/\/www.pluralpublishing.com\/publications\/science-of-successful-supervision-and-mentorship Cascia, J. (2013). Analysis of clinical supervisor feedback in speech-language pathology.&mldr;<\/p>\n","protected":false},"author":136,"featured_media":0,"parent":0,"menu_order":0,"comment_status":"closed","ping_status":"closed","template":"","meta":{"_relevanssi_hide_post":"","_relevanssi_hide_content":"","_relevanssi_pin_for_all":"","_relevanssi_pin_keywords":"","_relevanssi_unpin_keywords":"","_relevanssi_related_keywords":"","_relevanssi_related_include_ids":"","_relevanssi_related_exclude_ids":"","_relevanssi_related_no_append":"","_relevanssi_related_not_related":"","_relevanssi_related_posts":"","_relevanssi_noindex_reason":"","footnotes":""},"class_list":["post-167","page","type-page","status-publish","hentry"],"featured_image_src":null,"_links":{"self":[{"href":"https:\/\/academic.csuohio.edu\/pershey-monica\/wp-json\/wp\/v2\/pages\/167","targetHints":{"allow":["GET"]}}],"collection":[{"href":"https:\/\/academic.csuohio.edu\/pershey-monica\/wp-json\/wp\/v2\/pages"}],"about":[{"href":"https:\/\/academic.csuohio.edu\/pershey-monica\/wp-json\/wp\/v2\/types\/page"}],"author":[{"embeddable":true,"href":"https:\/\/academic.csuohio.edu\/pershey-monica\/wp-json\/wp\/v2\/users\/136"}],"replies":[{"embeddable":true,"href":"https:\/\/academic.csuohio.edu\/pershey-monica\/wp-json\/wp\/v2\/comments?post=167"}],"version-history":[{"count":18,"href":"https:\/\/academic.csuohio.edu\/pershey-monica\/wp-json\/wp\/v2\/pages\/167\/revisions"}],"predecessor-version":[{"id":1404,"href":"https:\/\/academic.csuohio.edu\/pershey-monica\/wp-json\/wp\/v2\/pages\/167\/revisions\/1404"}],"wp:attachment":[{"href":"https:\/\/academic.csuohio.edu\/pershey-monica\/wp-json\/wp\/v2\/media?parent=167"}],"curies":[{"name":"wp","href":"https:\/\/api.w.org\/{rel}","templated":true}]}}