{"id":175,"date":"2025-05-03T16:26:23","date_gmt":"2025-05-03T16:26:23","guid":{"rendered":"https:\/\/academic.csuohio.edu\/pershey-monica\/?page_id=175"},"modified":"2025-05-03T17:19:21","modified_gmt":"2025-05-03T17:19:21","slug":"25gordon-pershey-m-2000-childrens-elicited-use-of-pragmatic-language-functions-how-six-and-seven-year-old-children-adapt-to-the-interactional-environments-of-story-scenarios-language","status":"publish","type":"page","link":"https:\/\/academic.csuohio.edu\/pershey-monica\/25gordon-pershey-m-2000-childrens-elicited-use-of-pragmatic-language-functions-how-six-and-seven-year-old-children-adapt-to-the-interactional-environments-of-story-scenarios-language\/","title":{"rendered":"Gordon Pershey, M. (2000). Children&#8217;s elicited use of pragmatic language functions: How six- and seven-year-old children adapt to the interactional environments of story scenarios.\u00a0Language Awareness, 9(4), 218-235."},"content":{"rendered":"\n<h2 class=\"wp-block-heading\"><strong>Children&#8217;s elicited use of pragmatic language functions: How six- and seven-year-old children adapt to the interactional environments of story scenarios<\/strong><\/h2>\n\n\n\n<p><strong>Gordon Pershey, M. (2000). Children&#8217;s elicited use of pragmatic language functions: How six- and seven-year-old children adapt to the interactional environments of story scenarios.\u00a0<em>Language Awareness, 9<\/em>(4), 218-235. <a href=\"https:\/\/www.tandfonline.com\/doi\/abs\/10.1080\/09658410008667147\" target=\"_blank\" rel=\"noopener\">https:\/\/www.tandfonline.com\/doi\/abs\/10.1080\/09658410008667147 <\/a><\/strong><\/p>\n\n\n\n<p><a href=\"https:\/\/academic.csuohio.edu\/pershey-monica\/wp-content\/uploads\/sites\/161\/2025\/04\/Gordon-Pershey-M.-2000.-Childrens-elicited-use-of-pragmatic-language-functions-.pdf\" data-type=\"link\" data-id=\"https:\/\/academic.csuohio.edu\/pershey-monica\/wp-content\/uploads\/sites\/161\/2025\/04\/Gordon-Pershey-M.-2000.-Childrens-elicited-use-of-pragmatic-language-functions-.pdf\" target=\"_blank\" rel=\"noopener\"><img loading=\"lazy\" decoding=\"async\" width=\"37\" height=\"50\" src=\"https:\/\/lh7-rt.googleusercontent.com\/docsz\/AD_4nXfSBTNOed_0n2_E846CKtx4Q1jbHSCfzXdzXG_GpuxPpUj3nWzXYScKjVUnqSIPcu7odk_a2BPI5Asf-oIVMYURiz4atNRJpumF7RlsmERLTiYjYF12cJW4d7WC4vZrMIh3oAJRmg?key=OW65TE4HwM0P_hpDRfC0Ip2K\" alt=\"POST 2019_V9_2_Summer (2).pdf\"><\/a><a href=\"https:\/\/d3104c2e-a4f7-473d-afbf-9208ab847cb3.filesusr.com\/ugd\/fab74c_a7a57b3bca0845f2b07ab89a8e666952.pdf\" data-type=\"link\" data-id=\"https:\/\/d3104c2e-a4f7-473d-afbf-9208ab847cb3.filesusr.com\/ugd\/fab74c_a7a57b3bca0845f2b07ab89a8e666952.pdf\" target=\"_blank\" rel=\"noopener\"> <\/a><\/p>\n\n\n\n<h2 class=\"wp-block-heading\">cited by:<\/h2>\n\n\n\n<p>Crawshaw, C. E., L\u00fcke, C., &amp; Ritterfeld, U. (2025). Late talkers&#8217; language, metaphor, theory of mind, and reading skills at 9 years of age.\u00a0<em>Journal of Speech, Language, and Hearing Research, 68<\/em>(3), 1038\u20131055.\u00a0<a href=\"https:\/\/doi.org\/10.1044\/2024_JSLHR-23-00703\" target=\"_blank\" rel=\"noopener\">https:\/\/doi.org\/10.1044\/2024_JSLHR-23-00703 <\/a><\/p>\n\n\n\n<p><a href=\"https:\/\/academic.csuohio.edu\/pershey-monica\/wp-content\/uploads\/sites\/161\/2025\/04\/crawshaw-et-al-2025-late-talkers-language-metaphor-theory-of-mind-and-reading-skills-at-9-years-of-age.pdf\" data-type=\"link\" data-id=\"https:\/\/academic.csuohio.edu\/pershey-monica\/wp-content\/uploads\/sites\/161\/2025\/04\/crawshaw-et-al-2025-late-talkers-language-metaphor-theory-of-mind-and-reading-skills-at-9-years-of-age.pdf\" target=\"_blank\" rel=\"noopener\"><img loading=\"lazy\" decoding=\"async\" width=\"37\" height=\"50\" src=\"https:\/\/lh7-rt.googleusercontent.com\/docsz\/AD_4nXfSBTNOed_0n2_E846CKtx4Q1jbHSCfzXdzXG_GpuxPpUj3nWzXYScKjVUnqSIPcu7odk_a2BPI5Asf-oIVMYURiz4atNRJpumF7RlsmERLTiYjYF12cJW4d7WC4vZrMIh3oAJRmg?key=OW65TE4HwM0P_hpDRfC0Ip2K\" alt=\"POST 2019_V9_2_Summer (2).pdf\"><\/a><\/p>\n\n\n\n<p>Hartas, D. (2013).&nbsp;<em>Dyslexia in the early years: A practical guide to teaching and learning<\/em>. Routledge.&nbsp;<a href=\"https:\/\/www.amazon.com\/Dyslexia-Early-Years-Practical-Teaching\/dp\/0415345006\" target=\"_blank\" rel=\"noopener\">https:\/\/www.amazon.com\/Dyslexia-Early-Years-Practical-Teaching\/dp\/0415345006 <\/a><a href=\"https:\/\/d3104c2e-a4f7-473d-afbf-9208ab847cb3.filesusr.com\/ugd\/fab74c_afdc4bdebdee4454a3094fbcfdd80c07.pdf\" data-type=\"link\" data-id=\"https:\/\/d3104c2e-a4f7-473d-afbf-9208ab847cb3.filesusr.com\/ugd\/fab74c_afdc4bdebdee4454a3094fbcfdd80c07.pdf\" target=\"_blank\" rel=\"noopener\"> <\/a><\/p>\n\n\n\n<p>Hichour, H. (2019).&nbsp;<em>The development of pragmatic communicative skills in speakers children with autism spectrum disorders: Case study: Algerian autistic chil<\/em><em>dren<\/em>&nbsp;[Unpublished doctoral dissertation]. Universit\u00e9 Abou Bekr Belkaid Tlemcen. <a href=\"http:\/\/dspace.univ-tlemcen.dz\/handle\/112\/15160\" target=\"_blank\" rel=\"noopener\">http:\/\/dspace.univ-tlemcen.dz\/handle\/112\/15160 <\/a><\/p>\n\n\n\n<p>\u200b<a href=\"http:\/\/dspace.univ-tlemcen.dz\/bitstream\/112\/15160\/1\/The_Development_of_Pragmatic_Communicative_Skills_in_Speakers_Children_with_Autism_Spectrum_Disorders_Case_Study_Algerian_Autistic_Children..pdf\" data-type=\"link\" data-id=\"http:\/\/dspace.univ-tlemcen.dz\/bitstream\/112\/15160\/1\/The_Development_of_Pragmatic_Communicative_Skills_in_Speakers_Children_with_Autism_Spectrum_Disorders_Case_Study_Algerian_Autistic_Children..pdf\" target=\"_blank\" rel=\"noopener\"><img loading=\"lazy\" decoding=\"async\" width=\"37\" height=\"50\" src=\"https:\/\/lh7-rt.googleusercontent.com\/docsz\/AD_4nXfSBTNOed_0n2_E846CKtx4Q1jbHSCfzXdzXG_GpuxPpUj3nWzXYScKjVUnqSIPcu7odk_a2BPI5Asf-oIVMYURiz4atNRJpumF7RlsmERLTiYjYF12cJW4d7WC4vZrMIh3oAJRmg?key=OW65TE4HwM0P_hpDRfC0Ip2K\" alt=\"POST 2019_V9_2_Summer (2).pdf\"><\/a><\/p>\n\n\n\n<p>Vi\u010devi\u0107 Ivanovi\u0107, S. (2017).\u00a0<em>Impact of the Language Portfolio on child autonomy in second language acquisition at preschool age<\/em>\u00a0[Unpublished PhD thesis]. University of Zagreb. <a href=\"http:\/\/darhiv.ffzg.unizg.hr\/id\/eprint\/8946\/\" target=\"_blank\" rel=\"noopener\">http:\/\/darhiv.ffzg.unizg.hr\/id\/eprint\/8946\/ <\/a><\/p>\n\n\n\n<p><a href=\"http:\/\/darhiv.ffzg.unizg.hr\/id\/eprint\/8946\/1\/Sanja%20Iv\u010devi\u0107%20-%20Doktorski%20rad.pdf\" target=\"_blank\" rel=\"noopener\"><img loading=\"lazy\" decoding=\"async\" width=\"37\" height=\"50\" src=\"https:\/\/lh7-rt.googleusercontent.com\/docsz\/AD_4nXfSBTNOed_0n2_E846CKtx4Q1jbHSCfzXdzXG_GpuxPpUj3nWzXYScKjVUnqSIPcu7odk_a2BPI5Asf-oIVMYURiz4atNRJpumF7RlsmERLTiYjYF12cJW4d7WC4vZrMIh3oAJRmg?key=OW65TE4HwM0P_hpDRfC0Ip2K\" alt=\"POST 2019_V9_2_Summer (2).pdf\"><\/a><\/p>\n","protected":false},"excerpt":{"rendered":"<p>Children&#8217;s elicited use of pragmatic language functions: How six- and seven-year-old children adapt to the interactional environments of story scenarios Gordon Pershey, M. (2000). Children&#8217;s elicited use of pragmatic language functions: How six- and seven-year-old children adapt to the interactional environments of story scenarios.\u00a0Language Awareness, 9(4), 218-235. https:\/\/www.tandfonline.com\/doi\/abs\/10.1080\/09658410008667147 cited by: Crawshaw, C. E., L\u00fcke, C.,&mldr;<\/p>\n","protected":false},"author":136,"featured_media":0,"parent":0,"menu_order":0,"comment_status":"closed","ping_status":"closed","template":"","meta":{"_relevanssi_hide_post":"","_relevanssi_hide_content":"","_relevanssi_pin_for_all":"","_relevanssi_pin_keywords":"","_relevanssi_unpin_keywords":"","_relevanssi_related_keywords":"","_relevanssi_related_include_ids":"","_relevanssi_related_exclude_ids":"","_relevanssi_related_no_append":"","_relevanssi_related_not_related":"","_relevanssi_related_posts":"","_relevanssi_noindex_reason":"","footnotes":""},"class_list":["post-175","page","type-page","status-publish","hentry"],"featured_image_src":null,"_links":{"self":[{"href":"https:\/\/academic.csuohio.edu\/pershey-monica\/wp-json\/wp\/v2\/pages\/175","targetHints":{"allow":["GET"]}}],"collection":[{"href":"https:\/\/academic.csuohio.edu\/pershey-monica\/wp-json\/wp\/v2\/pages"}],"about":[{"href":"https:\/\/academic.csuohio.edu\/pershey-monica\/wp-json\/wp\/v2\/types\/page"}],"author":[{"embeddable":true,"href":"https:\/\/academic.csuohio.edu\/pershey-monica\/wp-json\/wp\/v2\/users\/136"}],"replies":[{"embeddable":true,"href":"https:\/\/academic.csuohio.edu\/pershey-monica\/wp-json\/wp\/v2\/comments?post=175"}],"version-history":[{"count":7,"href":"https:\/\/academic.csuohio.edu\/pershey-monica\/wp-json\/wp\/v2\/pages\/175\/revisions"}],"predecessor-version":[{"id":1570,"href":"https:\/\/academic.csuohio.edu\/pershey-monica\/wp-json\/wp\/v2\/pages\/175\/revisions\/1570"}],"wp:attachment":[{"href":"https:\/\/academic.csuohio.edu\/pershey-monica\/wp-json\/wp\/v2\/media?parent=175"}],"curies":[{"name":"wp","href":"https:\/\/api.w.org\/{rel}","templated":true}]}}