{"id":176,"date":"2025-05-03T16:26:58","date_gmt":"2025-05-03T16:26:58","guid":{"rendered":"https:\/\/academic.csuohio.edu\/pershey-monica\/?page_id=176"},"modified":"2025-05-03T17:19:21","modified_gmt":"2025-05-03T17:19:21","slug":"gordon-pershey-m-2000-african-american-spiritual-music-a-historical-perspective-the-dragon-lode-the-journal-of-the-childrens-literature-and-reading-special-interest-group-of-the-interna","status":"publish","type":"page","link":"https:\/\/academic.csuohio.edu\/pershey-monica\/gordon-pershey-m-2000-african-american-spiritual-music-a-historical-perspective-the-dragon-lode-the-journal-of-the-childrens-literature-and-reading-special-interest-group-of-the-interna\/","title":{"rendered":"Gordon Pershey, M. (2000). African American spiritual music: A historical perspective.\u00a0The Dragon Lode, The Journal of the Children&#8217;s Literature and Reading Special Interest Group of the International Reading Association, 18(2), 24-29."},"content":{"rendered":"\n<h2 class=\"wp-block-heading\">African American spiritual music: A historical perspective.&nbsp;The Dragon Lode<\/h2>\n\n\n\n<p><strong>Gordon Pershey, M. (2000). African American spiritual music: A historical perspective.&nbsp;<em>The Dragon Lode, The Journal of the Children&#8217;s Literature and Reading Special Interest Group of the International Reading Association, 18<\/em>(2), 24-29. <a href=\"https:\/\/www.clrsig.org\/dragonlode-archive.html\" target=\"_blank\" rel=\"noopener\">https:\/\/www.clrsig.org\/dragonlode-archive.html <\/a><\/strong><\/p>\n\n\n\n<p><a href=\"https:\/\/academic.csuohio.edu\/pershey-monica\/wp-content\/uploads\/sites\/161\/2025\/04\/African-American-spiritual-music-A-historical-perspective.pdf\" data-type=\"link\" data-id=\"https:\/\/academic.csuohio.edu\/pershey-monica\/wp-content\/uploads\/sites\/161\/2025\/04\/African-American-spiritual-music-A-historical-perspective.pdf\" target=\"_blank\" rel=\"noopener\"><img loading=\"lazy\" decoding=\"async\" width=\"37\" height=\"50\" src=\"https:\/\/lh7-rt.googleusercontent.com\/docsz\/AD_4nXfSBTNOed_0n2_E846CKtx4Q1jbHSCfzXdzXG_GpuxPpUj3nWzXYScKjVUnqSIPcu7odk_a2BPI5Asf-oIVMYURiz4atNRJpumF7RlsmERLTiYjYF12cJW4d7WC4vZrMIh3oAJRmg?key=OW65TE4HwM0P_hpDRfC0Ip2K\" alt=\"POST 2019_V9_2_Summer (2).pdf\"><\/a><\/p>\n\n\n\n<h2 class=\"wp-block-heading\">cited by:<\/h2>\n\n\n\n<p>Crossley, T. (2018).&nbsp;<em>&#8220;We shall overcome&#8221;: A grounded theory analysis of psychological coping in African-American spirituals<\/em>&nbsp;(Publication No. 10682597) [Doctoral dissertation, The Chicago School of Professional Psychology]. ProQuest Dissertations and Theses Global. <a href=\"https:\/\/search.proquest.com\/openview\/fedad3055f74e3eb1d5aa2d524b9a38a\/1?pq-origsite=gscholar&amp;cbl=18750&amp;diss=y\" target=\"_blank\" rel=\"noopener\">https:\/\/search.proquest.com\/openview\/fedad3055f74e3eb1d5aa2d524b9a38a\/1?pq-origsite=gscholar&amp;cbl=18750&amp;diss=y <\/a><\/p>\n\n\n\n<p>\u200b<a href=\"https:\/\/academic.csuohio.edu\/pershey-monica\/wp-content\/uploads\/sites\/161\/2025\/04\/We-Shall-Overcome-A-Grounded-Theory-Analysis-of-Psychological-Coping-in-African-American-Spirituals.pdf\" target=\"_blank\" rel=\"noopener\"><img loading=\"lazy\" decoding=\"async\" width=\"37\" height=\"50\" src=\"https:\/\/lh7-rt.googleusercontent.com\/docsz\/AD_4nXfSBTNOed_0n2_E846CKtx4Q1jbHSCfzXdzXG_GpuxPpUj3nWzXYScKjVUnqSIPcu7odk_a2BPI5Asf-oIVMYURiz4atNRJpumF7RlsmERLTiYjYF12cJW4d7WC4vZrMIh3oAJRmg?key=OW65TE4HwM0P_hpDRfC0Ip2K\" alt=\"POST 2019_V9_2_Summer (2).pdf\"><\/a><\/p>\n\n\n\n<p>Hawkins Jr., P. (2017).&nbsp;<em>Scholarly program notes on the graduate vocal recital of Paul Hawkins Jr.<\/em>&nbsp;[Unpublished master\u2019s thesis]. Southern Illinois University. <a href=\"https:\/\/opensiuc.lib.siu.edu\/cgi\/viewcontent.cgi?referer=https:\/\/www.bing.com\/&amp;httpsredir=1&amp;article=1958&amp;context=gs_rp\" target=\"_blank\" rel=\"noopener\">https:\/\/opensiuc.lib.siu.edu\/cgi\/viewcontent.cgi?referer=https:\/\/www.bing.com\/&amp;httpsredir=1&amp;article=1958&amp;context=gs_rp <\/a><\/p>\n\n\n\n<p>\u200b<a href=\"https:\/\/academic.csuohio.edu\/pershey-monica\/wp-content\/uploads\/sites\/161\/2025\/04\/Scholarly-Program-Notes-on-the-Graduate-Vocal-Recital-of-Paul-Hawkins-Jr.pdf\" target=\"_blank\" rel=\"noopener\"><img loading=\"lazy\" decoding=\"async\" width=\"37\" height=\"50\" src=\"https:\/\/lh7-rt.googleusercontent.com\/docsz\/AD_4nXfSBTNOed_0n2_E846CKtx4Q1jbHSCfzXdzXG_GpuxPpUj3nWzXYScKjVUnqSIPcu7odk_a2BPI5Asf-oIVMYURiz4atNRJpumF7RlsmERLTiYjYF12cJW4d7WC4vZrMIh3oAJRmg?key=OW65TE4HwM0P_hpDRfC0Ip2K\" alt=\"POST 2019_V9_2_Summer (2).pdf\"><\/a><\/p>\n\n\n\n<p>Jackson II, R. L., Johnson, A. L., Hecht, M. L., &amp; Ribeau, S. A. (2019).\u00a0<em>African American communication: Examining the complexities of lived experiences.<\/em>\u00a0Routledge. <a href=\"https:\/\/www.amazon.com\/African-American-Communication-Routledge\/dp\/1138478105\" target=\"_blank\" rel=\"noopener\">https:\/\/www.amazon.com\/African-American-Communication-Routledge\/dp\/1138478105 <\/a><\/p>\n\n\n\n<p>Miller, D. L. (2012).&nbsp;<em>Stereotypes of HBCU collegiate choir members towards concert spiritual enthusiasts<\/em>&nbsp;(Publication No. 3508311) [Doctoral dissertation, Columbia University]. ProQuest Dissertations and Theses Global. <a href=\"https:\/\/search.proquest.com\/openview\/bddc236122827eafcfbb69017bfc8243\/1?pq-origsite=gscholar&amp;cbl=18750&amp;diss=y\" target=\"_blank\" rel=\"noopener\">https:\/\/search.proquest.com\/openview\/bddc236122827eafcfbb69017bfc8243\/1?pq-origsite=gscholar&amp;cbl=18750&amp;diss=y <\/a><\/p>\n\n\n\n<p>\u200b<a href=\"https:\/\/academic.csuohio.edu\/pershey-monica\/wp-content\/uploads\/sites\/161\/2025\/04\/STEREOTYPES-OF-HBCU-COLLEGIATE-CHOIR-MEMBERS-TOWARDS-CONCERT-SPIRITUAL-ENTHUSIASTS.pdf\" target=\"_blank\" rel=\"noopener\"><img loading=\"lazy\" decoding=\"async\" width=\"37\" height=\"50\" src=\"https:\/\/lh7-rt.googleusercontent.com\/docsz\/AD_4nXfSBTNOed_0n2_E846CKtx4Q1jbHSCfzXdzXG_GpuxPpUj3nWzXYScKjVUnqSIPcu7odk_a2BPI5Asf-oIVMYURiz4atNRJpumF7RlsmERLTiYjYF12cJW4d7WC4vZrMIh3oAJRmg?key=OW65TE4HwM0P_hpDRfC0Ip2K\" alt=\"POST 2019_V9_2_Summer (2).pdf\"><\/a><\/p>\n\n\n\n<p>Ness, C. E. N. (2011).&nbsp;<em>Collecting culture in the \u2018imaginary musical museum\u2019: General music textbooks 1971\u20132005<\/em>(Publication No 3493592) [Doctoral dissertation, Loyola University Chicago].&nbsp;ProQuest Dissertations and Theses Global. <a href=\"https:\/\/ecommons.luc.edu\/cgi\/viewcontent.cgi?article=1184&amp;context=luc_diss\" target=\"_blank\" rel=\"noopener\">https:\/\/ecommons.luc.edu\/cgi\/viewcontent.cgi?article=1184&amp;context=luc_diss <\/a><\/p>\n\n\n\n<p>\u200b<a href=\"https:\/\/ecommons.luc.edu\/cgi\/viewcontent.cgi?article=1184&amp;context=luc_diss\" data-type=\"link\" data-id=\"https:\/\/ecommons.luc.edu\/cgi\/viewcontent.cgi?article=1184&amp;context=luc_diss\" target=\"_blank\" rel=\"noopener\"><img loading=\"lazy\" decoding=\"async\" width=\"37\" height=\"50\" src=\"https:\/\/lh7-rt.googleusercontent.com\/docsz\/AD_4nXfSBTNOed_0n2_E846CKtx4Q1jbHSCfzXdzXG_GpuxPpUj3nWzXYScKjVUnqSIPcu7odk_a2BPI5Asf-oIVMYURiz4atNRJpumF7RlsmERLTiYjYF12cJW4d7WC4vZrMIh3oAJRmg?key=OW65TE4HwM0P_hpDRfC0Ip2K\" alt=\"POST 2019_V9_2_Summer (2).pdf\"><\/a><\/p>\n\n\n\n<p>Ramaite-Mafadza, P. E. A. (2016).\u00a0<em>Indigenous protest lyrics in women&#8217;s musical performances: Vhavenda women in Vhembe: A case of Vhavenda women in the Vhembe District, Limpopo Province<\/em>\u00a0[Unpublished doctoral dissertation].University of Venda. <\/p>\n\n\n\n<p>\u200b<a href=\"https:\/\/academic.csuohio.edu\/pershey-monica\/wp-content\/uploads\/sites\/161\/2025\/04\/indigenous-protest-lyrics-in-Womens-Musical-Performances.pdf\" data-type=\"link\" data-id=\"https:\/\/academic.csuohio.edu\/pershey-monica\/wp-content\/uploads\/sites\/161\/2025\/04\/indigenous-protest-lyrics-in-Womens-Musical-Performances.pdf\" target=\"_blank\" rel=\"noopener\"><img loading=\"lazy\" decoding=\"async\" width=\"37\" height=\"50\" src=\"https:\/\/lh7-rt.googleusercontent.com\/docsz\/AD_4nXfSBTNOed_0n2_E846CKtx4Q1jbHSCfzXdzXG_GpuxPpUj3nWzXYScKjVUnqSIPcu7odk_a2BPI5Asf-oIVMYURiz4atNRJpumF7RlsmERLTiYjYF12cJW4d7WC4vZrMIh3oAJRmg?key=OW65TE4HwM0P_hpDRfC0Ip2K\" alt=\"POST 2019_V9_2_Summer (2).pdf\"><\/a><\/p>\n\n\n\n<p>Rajeev, K. (2024). Musical narratives of freedom: Afro-American spirituals as agents of empowerment and identity.\u202f <em>Literary Herald<\/em>, <em>9<\/em>(5), 147-152. <a href=\"http:\/\/tlhjournal.com\/uploads\/products\/23.kavya-rajeev-article.pdf\" data-type=\"link\" data-id=\"tlhjournal.com\/uploads\/products\/23.kavya-rajeev-article.pdf\" target=\"_blank\" rel=\"noopener\">tlhjournal.com\/uploads\/products\/23.kavya-rajeev-article.pdf \u00a0 <\/a><\/p>\n\n\n\n<p><a href=\"https:\/\/academic.csuohio.edu\/pershey-monica\/wp-content\/uploads\/sites\/161\/2025\/04\/Musical-Narratives-of-Freedom-Afro-American-Spirituals-as-Agents-of-Empowerment-and-Identity.pdf\" data-type=\"link\" data-id=\"https:\/\/academic.csuohio.edu\/pershey-monica\/wp-content\/uploads\/sites\/161\/2025\/04\/Musical-Narratives-of-Freedom-Afro-American-Spirituals-as-Agents-of-Empowerment-and-Identity.pdf\" target=\"_blank\" rel=\"noopener\"><img loading=\"lazy\" decoding=\"async\" width=\"37\" height=\"50\" src=\"https:\/\/lh7-rt.googleusercontent.com\/docsz\/AD_4nXfSBTNOed_0n2_E846CKtx4Q1jbHSCfzXdzXG_GpuxPpUj3nWzXYScKjVUnqSIPcu7odk_a2BPI5Asf-oIVMYURiz4atNRJpumF7RlsmERLTiYjYF12cJW4d7WC4vZrMIh3oAJRmg?key=OW65TE4HwM0P_hpDRfC0Ip2K\" alt=\"POST 2019_V9_2_Summer (2).pdf\"><\/a><\/p>\n\n\n\n<p>Ross, H. (2020).&nbsp;<em>The legacy of freedom in the African-American spiritual.<\/em>&nbsp;Faith Saves. <a href=\"https:\/\/faithsaves.net\/spirituals\/\" target=\"_blank\" rel=\"noopener\">https:\/\/faithsaves.net\/spirituals\/ <\/a><\/p>\n\n\n\n<p>\u200b<a href=\"https:\/\/academic.csuohio.edu\/pershey-monica\/wp-content\/uploads\/sites\/161\/2025\/04\/The-Legacy-of-Freedom-in-the-African-American-Spiritual-By-Heather-Ross.pdf\" data-type=\"link\" data-id=\"https:\/\/academic.csuohio.edu\/pershey-monica\/wp-content\/uploads\/sites\/161\/2025\/04\/The-Legacy-of-Freedom-in-the-African-American-Spiritual-By-Heather-Ross.pdf\" target=\"_blank\" rel=\"noopener\"><img loading=\"lazy\" decoding=\"async\" width=\"37\" height=\"50\" src=\"https:\/\/lh7-rt.googleusercontent.com\/docsz\/AD_4nXfSBTNOed_0n2_E846CKtx4Q1jbHSCfzXdzXG_GpuxPpUj3nWzXYScKjVUnqSIPcu7odk_a2BPI5Asf-oIVMYURiz4atNRJpumF7RlsmERLTiYjYF12cJW4d7WC4vZrMIh3oAJRmg?key=OW65TE4HwM0P_hpDRfC0Ip2K\" alt=\"POST 2019_V9_2_Summer (2).pdf\"><\/a><\/p>\n\n\n\n<p>Schreiner, C. (2022). Kapitel 5 (\u2026 1880\u20131930 \u2026): Schwarze K\u00fcnstler auf deutschen B\u00fchnen. In C. Schreiner,&nbsp;<em>Sch\u00f6ner fremder Klang \u2013 Wie exotische Musik nach Deutschland kam<\/em>&nbsp;(pp. 125\u2013152). J.B. Metzler.&nbsp;<a href=\"https:\/\/doi.org\/10.1007\/978-3-476-05695-5_6\" target=\"_blank\" rel=\"noopener\">https:\/\/doi.org\/10.1007\/978-3-476-05695-5_6 <\/a> <\/p>\n\n\n\n<p><a href=\"https:\/\/citeseerx.ist.psu.edu\/document?repid=rep1&amp;type=pdf&amp;doi=c4f31bed0ed92ea23b5fe933caef14c6125ef50c\" data-type=\"link\" data-id=\"https:\/\/citeseerx.ist.psu.edu\/document?repid=rep1&amp;type=pdf&amp;doi=c4f31bed0ed92ea23b5fe933caef14c6125ef50c\" target=\"_blank\" rel=\"noopener\"> <\/a><\/p>\n\n\n\n<p>&nbsp;<\/p>\n","protected":false},"excerpt":{"rendered":"<p>African American spiritual music: A historical perspective.&nbsp;The Dragon Lode Gordon Pershey, M. (2000). African American spiritual music: A historical perspective.&nbsp;The Dragon Lode, The Journal of the Children&#8217;s Literature and Reading Special Interest Group of the International Reading Association, 18(2), 24-29. https:\/\/www.clrsig.org\/dragonlode-archive.html cited by: Crossley, T. (2018).&nbsp;&#8220;We shall overcome&#8221;: A grounded theory analysis of psychological coping&mldr;<\/p>\n","protected":false},"author":136,"featured_media":0,"parent":0,"menu_order":0,"comment_status":"closed","ping_status":"closed","template":"","meta":{"_relevanssi_hide_post":"","_relevanssi_hide_content":"","_relevanssi_pin_for_all":"","_relevanssi_pin_keywords":"","_relevanssi_unpin_keywords":"","_relevanssi_related_keywords":"","_relevanssi_related_include_ids":"","_relevanssi_related_exclude_ids":"","_relevanssi_related_no_append":"","_relevanssi_related_not_related":"","_relevanssi_related_posts":"","_relevanssi_noindex_reason":"","footnotes":""},"class_list":["post-176","page","type-page","status-publish","hentry"],"featured_image_src":null,"_links":{"self":[{"href":"https:\/\/academic.csuohio.edu\/pershey-monica\/wp-json\/wp\/v2\/pages\/176","targetHints":{"allow":["GET"]}}],"collection":[{"href":"https:\/\/academic.csuohio.edu\/pershey-monica\/wp-json\/wp\/v2\/pages"}],"about":[{"href":"https:\/\/academic.csuohio.edu\/pershey-monica\/wp-json\/wp\/v2\/types\/page"}],"author":[{"embeddable":true,"href":"https:\/\/academic.csuohio.edu\/pershey-monica\/wp-json\/wp\/v2\/users\/136"}],"replies":[{"embeddable":true,"href":"https:\/\/academic.csuohio.edu\/pershey-monica\/wp-json\/wp\/v2\/comments?post=176"}],"version-history":[{"count":6,"href":"https:\/\/academic.csuohio.edu\/pershey-monica\/wp-json\/wp\/v2\/pages\/176\/revisions"}],"predecessor-version":[{"id":1423,"href":"https:\/\/academic.csuohio.edu\/pershey-monica\/wp-json\/wp\/v2\/pages\/176\/revisions\/1423"}],"wp:attachment":[{"href":"https:\/\/academic.csuohio.edu\/pershey-monica\/wp-json\/wp\/v2\/media?parent=176"}],"curies":[{"name":"wp","href":"https:\/\/api.w.org\/{rel}","templated":true}]}}