{"id":127,"date":"2023-02-16T19:41:26","date_gmt":"2023-02-16T19:41:26","guid":{"rendered":"https:\/\/academic.csuohio.edu\/soprunov-ivan\/?page_id=127"},"modified":"2023-02-16T20:13:59","modified_gmt":"2023-02-16T20:13:59","slug":"special-session-on-toric-algebraic-geometry-and-beyond","status":"publish","type":"page","link":"https:\/\/academic.csuohio.edu\/soprunov-ivan\/special-session-on-toric-algebraic-geometry-and-beyond\/","title":{"rendered":"Special Session on Toric Algebraic Geometry and Beyond"},"content":{"rendered":"\n<h1 class=\"wp-block-heading\">Special Session on Toric Algebraic Geometry and Beyond<\/h1>\n\n\n\n<h3 class=\"wp-block-heading\">AMS Central Fall Section Meeting, University of Akron, Akron, OH<br>October 20 &#8211; 21, 2012<\/h3>\n\n\n<div class=\"wp-block-image\">\n<figure class=\"aligncenter is-resized\"><img loading=\"lazy\" decoding=\"async\" src=\"https:\/\/mail.google.com\/mail\/u\/0?ui=2&amp;ik=eb9135f916&amp;attid=0.0.2&amp;permmsgid=msg-f:1757999891154912975&amp;th=1865ab963376c6cf&amp;view=fimg&amp;fur=ip&amp;sz=s0-l75-ft&amp;attbid=ANGjdJ-Glx-UIHkCQJoibjk-iIXe22rC_L2Ae8_A4okEuIJlLK4edAtxSPceK6I-CuSvhFJJlWRuLIhGT7jUdBWM1vJW84LSRNEoGKojHL_Lj4V_fTpgIsmJCIpuXh4&amp;disp=emb&amp;realattid=ii_le77uw714\" alt=\"kevin_pic.jpg\" width=\"404\" height=\"278\" \/><\/figure>\n<\/div>\n\n\n<h3 class=\"wp-block-heading\">Organizers:<\/h3>\n\n\n\n<ul class=\"wp-block-list\">\n<li><a href=\"https:\/\/sites.pitt.edu\/~kaveh\/\">Kiumars Kaveh <\/a>, University of Pittsburgh<\/li>\n\n\n\n<li><a href=\"https:\/\/www.math.ovgu.de\/Institute\/IAG\/Diskrete_+Konvexe+und+Torische+Geometrie\/Nill.html\">Benjamin Nill <\/a>, Case Western Reserve University<\/li>\n\n\n\n<li><a href=\"https:\/\/academic.csuohio.edu\/soprunov-ivan\/\">Ivan Soprunov<\/a>, Cleveland State University<\/li>\n<\/ul>\n\n\n\n<h2 class=\"wp-block-heading\">Talks<\/h2>\n\n\n\n<ul class=\"wp-block-list\">\n<li><em>A Tropical Approach to Computing Effective Cones<\/em> &nbsp;Florian Block (UC, Berkeley)<\/li>\n\n\n\n<li><em>On the Log Discrepancies in Toric Mori Contractions <\/em>&nbsp;Alexander Borisov (University of Pittsburgh)<\/li>\n\n\n\n<li><em>s-Lecture Hall Partitions, Self-Reciprocal Polynomials, and Gorenstein Algebras<\/em> &nbsp;Ben Braun (University of Kentucky)<\/li>\n\n\n\n<li><a href=\"https:\/\/academic.csuohio.edu\/soprunov-ivan\/wp-content\/uploads\/sites\/93\/2023\/02\/breuer.pdf\">Ehrhart f*-vectors and hypergraph coloring complexes<\/a> Felix Breuer (San Francisco State University)<\/li>\n\n\n\n<li><em>Tropical complexes,<\/em>&nbsp;Dustin Cartwright (Yale University)<\/li>\n\n\n\n<li><a href=\"https:\/\/academic.csuohio.edu\/soprunov-ivan\/wp-content\/uploads\/sites\/93\/2023\/02\/june.pdf\">The maximum likelihood degree of a very affine variety<\/a>  June Huh (University of Illinois at Urbana-Champaign)<\/li>\n\n\n\n<li><a href=\"https:\/\/academic.csuohio.edu\/soprunov-ivan\/wp-content\/uploads\/sites\/93\/2023\/02\/nathan.pdf\">Mutations of Laurent Polynomials and Flat Families with Toric Fibers<\/a> \u00a0Nathan Ilten (UC, Berkeley)<\/li>\n\n\n\n<li><em>Tropical geometry and the Hodge theory of hypersurfaces<\/em>\u00a0Eric Katz (University of Waterloo)<\/li>\n\n\n\n<li><em>A conjectural degree formula for subvarieties of spherical varieties<\/em> &nbsp;Gary Kennedy (Ohio State University)<\/li>\n\n\n\n<li><a href=\"https:\/\/academic.csuohio.edu\/soprunov-ivan\/wp-content\/uploads\/sites\/93\/2023\/02\/manon.pdf\">The combinatorial commutative algebra of conformal blocks<\/a> Chris Manon (UC, Berkeley)<\/li>\n\n\n\n<li><a href=\"https:\/\/academic.csuohio.edu\/soprunov-ivan\/wp-content\/uploads\/sites\/93\/2023\/02\/misha.pdf\">Jacobi Factors of Quasi-Homogeneous Plane Curve Singularities<\/a> Mikhail Mazin (Stony Brook University)<\/li>\n\n\n\n<li><a href=\"https:\/\/academic.csuohio.edu\/soprunov-ivan\/wp-content\/uploads\/sites\/93\/2023\/02\/tyrrell.pdf\">Lattice-point generating functions for free sums of convex sets<\/a> Tyrrell McAllister (University of Wyoming)<\/li>\n\n\n\n<li><em>A degree formula for Borel orbit closures in the variety of complete conics<\/em> &nbsp;Jason Miller (Ohio State University)<\/li>\n\n\n\n<li><em>On the number of complement components of hypersurface coamoebas<\/em>&nbsp;Mounir Nisse (Texas A&amp;M University)<\/li>\n\n\n\n<li><a href=\"https:\/\/academic.csuohio.edu\/soprunov-ivan\/wp-content\/uploads\/sites\/93\/2023\/02\/mesut.pdf\">Extensions of toric varieties<\/a>\u00a0Mesut Sahin (\u00c7ank\u0131r\u0131 Karatekin University)<\/li>\n\n\n\n<li><a href=\"https:\/\/academic.csuohio.edu\/soprunov-ivan\/wp-content\/uploads\/sites\/93\/2023\/02\/jenya.pdf\">Orientability of real toric varieties and lower bounds for real polynomial systems<\/a> \u00a0Jenya Soprunova (Kent Sate University)<\/li>\n\n\n\n<li><a href=\"https:\/\/academic.csuohio.edu\/soprunov-ivan\/wp-content\/uploads\/sites\/93\/2023\/02\/howard.pdf\">Multiplier Ideals of Certain Binomial Ideals<\/a> Howard M Thompson (University of Michigan, Flint)<\/li>\n\n\n\n<li><a href=\"https:\/\/academic.csuohio.edu\/soprunov-ivan\/wp-content\/uploads\/sites\/93\/2023\/02\/ursula.pdf\">Short tops and semistable fibrations<\/a> Ursula Whitcher (Eau Claire, Wisconsin)<\/li>\n\n\n\n<li><a href=\"https:\/\/academic.csuohio.edu\/soprunov-ivan\/wp-content\/uploads\/sites\/93\/2023\/02\/kevin.pdf\">The Unreasonable Ubiquitousness of Quasi-polynomials<\/a>  Kevin Woods (Oberlin College)<\/li>\n\n\n\n<li><a href=\"https:\/\/academic.csuohio.edu\/soprunov-ivan\/wp-content\/uploads\/sites\/93\/2023\/02\/javid.pdf\">On Syzygies and Singularities of Tensor Product Surfaces<\/a> \u00a0Javid Validashti (University of Illinois at Urbana-Champaign)<\/li>\n\n\n\n<li><a href=\"https:\/\/academic.csuohio.edu\/soprunov-ivan\/wp-content\/uploads\/sites\/93\/2023\/02\/jessie.pdf\">Tropical Severi Varieties and Applications<\/a>  Jessie Yang (University of Toronto)<\/li>\n\n\n\n<li><a href=\"https:\/\/academic.csuohio.edu\/soprunov-ivan\/wp-content\/uploads\/sites\/93\/2023\/02\/josephine.pdf\">Stable Intersection of Tropical Varieties<\/a> \u00a0Josephine Yu (Georgia Tech)<\/li>\n<\/ul>\n","protected":false},"excerpt":{"rendered":"<p>Special Session on Toric Algebraic Geometry and Beyond AMS Central Fall Section Meeting, University of Akron, Akron, OHOctober 20 &#8211; 21, 2012 Organizers: Talks<\/p>\n","protected":false},"author":65,"featured_media":0,"parent":0,"menu_order":0,"comment_status":"closed","ping_status":"closed","template":"","meta":{"_relevanssi_hide_post":"","_relevanssi_hide_content":"","_relevanssi_pin_for_all":"","_relevanssi_pin_keywords":"","_relevanssi_unpin_keywords":"","_relevanssi_related_keywords":"","_relevanssi_related_include_ids":"","_relevanssi_related_exclude_ids":"","_relevanssi_related_no_append":"","_relevanssi_related_not_related":"","_relevanssi_related_posts":"","_relevanssi_noindex_reason":"","footnotes":""},"class_list":["post-127","page","type-page","status-publish","hentry"],"featured_image_src":null,"_links":{"self":[{"href":"https:\/\/academic.csuohio.edu\/soprunov-ivan\/wp-json\/wp\/v2\/pages\/127","targetHints":{"allow":["GET"]}}],"collection":[{"href":"https:\/\/academic.csuohio.edu\/soprunov-ivan\/wp-json\/wp\/v2\/pages"}],"about":[{"href":"https:\/\/academic.csuohio.edu\/soprunov-ivan\/wp-json\/wp\/v2\/types\/page"}],"author":[{"embeddable":true,"href":"https:\/\/academic.csuohio.edu\/soprunov-ivan\/wp-json\/wp\/v2\/users\/65"}],"replies":[{"embeddable":true,"href":"https:\/\/academic.csuohio.edu\/soprunov-ivan\/wp-json\/wp\/v2\/comments?post=127"}],"version-history":[{"count":11,"href":"https:\/\/academic.csuohio.edu\/soprunov-ivan\/wp-json\/wp\/v2\/pages\/127\/revisions"}],"predecessor-version":[{"id":156,"href":"https:\/\/academic.csuohio.edu\/soprunov-ivan\/wp-json\/wp\/v2\/pages\/127\/revisions\/156"}],"wp:attachment":[{"href":"https:\/\/academic.csuohio.edu\/soprunov-ivan\/wp-json\/wp\/v2\/media?parent=127"}],"curies":[{"name":"wp","href":"https:\/\/api.w.org\/{rel}","templated":true}]}}