{"id":16,"date":"2022-05-17T01:57:36","date_gmt":"2022-05-17T01:57:36","guid":{"rendered":"https:\/\/academic.csuohio.edu\/uz-lab\/?page_id=16"},"modified":"2023-05-12T00:28:01","modified_gmt":"2023-05-12T00:28:01","slug":"home-page","status":"publish","type":"page","link":"https:\/\/academic.csuohio.edu\/uz-lab\/","title":{"rendered":"UZ-Lab at Cleveland State University"},"content":{"rendered":"<h1 style=\"text-align: center;background-color: #FFFFFF;font-size: 46px;letter-spacing: 0px;text-transform: None;, sans-serif;font-weight: Normal;line-height: 69px\" class=\"ub_advanced_heading wp-block-ub-advanced-heading\" id=\"ub-advanced-heading-c071f41b-ce20-4467-bc1e-6f21143fc8f6\" data-blockid=\"c071f41b-ce20-4467-bc1e-6f21143fc8f6\">UZ-Lab at Cleveland State University<\/h1>\n\n\n<div class=\"wp-block-group is-style-alignfull has-light-green-background-color has-background\" style=\"padding-top:0;padding-right:0;padding-bottom:0;padding-left:0\"><div class=\"wp-block-group__inner-container is-layout-constrained wp-container-core-group-is-layout-82686151 wp-block-group-is-layout-constrained\"><div style=\"min-height: 290px;; \" class=\"ub_image_slider swiper-container wp-block-ub-image-slider\" id=\"ub_image_slider_81f93f57-7c7e-48a1-80a2-7769c1427131\" data-swiper-data='{\"speed\":300,\"spaceBetween\":20,\"slidesPerView\":1,\"loop\":true,\"pagination\":{\"el\": null , \"type\": \"bullets\", \"clickable\":true},\"navigation\": {\"nextEl\": \".swiper-button-next\", \"prevEl\": \".swiper-button-prev\"}, \"keyboard\": { \"enabled\": true }, \"effect\": \"coverflow\",\"coverflowEffect\":{\"slideShadows\":true, \"rotate\": 100, \"stretch\": 0, \"depth\": 0, \"modifier\": 1},\"autoplay\":{\"delay\": 3000}}'>\n            <div class=\"swiper-wrapper\"><figure class=\"swiper-slide\">\n                <img decoding=\"async\" src=\"https:\/\/academic.csuohio.edu\/uz-lab\/wp-content\/uploads\/sites\/92\/2023\/04\/Exterior-4-QS-edit-scaled-1.jpg\" alt=\"\" style=\"height: 255px;; \">\n                <figcaption class=\"ub_image_slider_image_caption\"><\/figcaption>\n            <\/figure><figure class=\"swiper-slide\">\n                <img decoding=\"async\" src=\"https:\/\/academic.csuohio.edu\/uz-lab\/wp-content\/uploads\/sites\/92\/2023\/05\/Drone_Slider-1.png\" alt=\"\" style=\"height: 255px;; \">\n                <figcaption class=\"ub_image_slider_image_caption\"><\/figcaption>\n            <\/figure><figure class=\"swiper-slide\">\n                <img decoding=\"async\" src=\"https:\/\/academic.csuohio.edu\/uz-lab\/wp-content\/uploads\/sites\/92\/2023\/05\/2222.jpg\" alt=\"\" style=\"height: 255px;; \">\n                <figcaption class=\"ub_image_slider_image_caption\"><\/figcaption>\n            <\/figure><figure class=\"swiper-slide\">\n                <img decoding=\"async\" src=\"https:\/\/academic.csuohio.edu\/uz-lab\/wp-content\/uploads\/sites\/92\/2023\/05\/11111.jpg\" alt=\"\" style=\"height: 255px;; \">\n                <figcaption class=\"ub_image_slider_image_caption\"><\/figcaption>\n            <\/figure><figure class=\"swiper-slide\">\n                <img decoding=\"async\" src=\"https:\/\/academic.csuohio.edu\/uz-lab\/wp-content\/uploads\/sites\/92\/2023\/05\/4444.jpg\" alt=\"\" style=\"height: 255px;; \">\n                <figcaption class=\"ub_image_slider_image_caption\"><\/figcaption>\n            <\/figure><\/div>\n            <div class=\"swiper-pagination\"><\/div>\n            <div class=\"swiper-button-prev\"><\/div> <div class=\"swiper-button-next\"><\/div>\n        <\/div><\/div><\/div>\n\n\n<h2 style=\"background-color: #EEF4F3;font-size: 40px;letter-spacing: 0px;text-transform: None;, sans-serif;font-weight: Normal;line-height: 42px\" class=\"ub_advanced_heading wp-block-ub-advanced-heading\" id=\"ub-advanced-heading-c0e4700b-0179-48d3-b031-81d988383c91\" data-blockid=\"c0e4700b-0179-48d3-b031-81d988383c91\">About UZ-Lab @ CSU<\/h2>\n\n\n<p class=\"has-black-color has-text-color\">UZ-Lab@CSU aims to address the challenges in life sciences and medicine by using engineering-centered approaches. Our multidisciplinary work in collaboration with academic and industrial partners focuses on biomaterials, flexible\/piezo-electronics, tissue engineering, regenerative medicine, drug\/gene delivery and membrane separation applications. With our research efforts, UZ-Lab@CSU is ultimately aiming to develop simple, inexpensive, easy-to-use, yet broadly applicable and commercially viable platforms\/interfaces that will facilitate technological translation to clinic and have societal impact. At Cleveland State University we are based in the Chemical and Biomedical Engineering Department which is located on the fourth floor of the newly built Washkewicz Hall. Our Applied Biomedical Engineering Program operates in collaboration with the Department of Biomedical Engineering in the Lerner Research Institute of the world-renowned Cleveland Clinic.<\/p>\n\n\n\n<div class=\"wp-block-group is-style-default\"><div class=\"wp-block-group__inner-container is-layout-constrained wp-block-group-is-layout-constrained\"><h2 style=\"background-color: #EEF4F3;font-size: 40px;letter-spacing: 0px;text-transform: None;, sans-serif;font-weight: Normal;line-height: 42px\" class=\"ub_advanced_heading wp-block-ub-advanced-heading\" id=\"ub-advanced-heading-b22c4859-2951-49d7-8e3d-28080a9d7242\" data-blockid=\"b22c4859-2951-49d7-8e3d-28080a9d7242\">Research<\/h2><\/div><\/div>\n\n\n\n<p class=\"has-black-color has-text-color\">The main goal of our research program is to elucidate the mechanisms underlying material structure-property relationships, material-cell and cell-cell interactions to mimic tissue architectures, control cellular behavior and enable therapeutic treatments. We particularly concentrate on 1) the development of functional biomaterials-based biodegradable and implantable flexible\/piezo electronic biointerfaces or conductive platforms for stem cell-based therapies targeting tissue regeneration with an emphasis on central\/peripheral nervous system problems; 2) the design of flexible electronics and nanoscale platforms-based drug\/gene delivery systems for on demand therapeutic treatments with a particular focus on different cancer types and ocular conditions; and 3) the fabrication of stimuli responsive polymeric membranes for bioseparations, particularly nano sized small molecules produced by the cells (i.e., extracellular vesicles). To achieve these goals, our research leverages the elements of materials science, membrane science, biology and nanotechnology, which are accompanied by the utilization of diverse tools from material synthesis and characterization, surface chemistry, stem cell biology, micro\/nano fabrication, additive manufacturing and microfluidics.<\/p>\n\n\n<div class=\"wp-block-image\">\n<figure class=\"aligncenter size-full is-resized\"><img loading=\"lazy\" decoding=\"async\" src=\"https:\/\/academic.csuohio.edu\/uz-lab\/wp-content\/uploads\/sites\/92\/2023\/04\/Picture1.png\" alt=\"\" class=\"wp-image-152\" width=\"766\" height=\"476\" srcset=\"https:\/\/academic.csuohio.edu\/uz-lab\/wp-content\/uploads\/sites\/92\/2023\/04\/Picture1.png 920w, https:\/\/academic.csuohio.edu\/uz-lab\/wp-content\/uploads\/sites\/92\/2023\/04\/Picture1-300x187.png 300w, https:\/\/academic.csuohio.edu\/uz-lab\/wp-content\/uploads\/sites\/92\/2023\/04\/Picture1-768x477.png 768w\" sizes=\"auto, (max-width: 766px) 100vw, 766px\" \/><\/figure>\n<\/div>\n\n\n<p class=\"has-black-color has-text-color\">For details about our current research projects visit our <strong>group website<\/strong>.<\/p>\n\n\n<h2 style=\"background-color: #EEF4F3;font-size: 40px;letter-spacing: 0px;text-transform: None;, sans-serif;font-weight: Normal;line-height: 42px\" class=\"ub_advanced_heading wp-block-ub-advanced-heading\" id=\"ub-advanced-heading-996ce78f-a623-4700-887a-e680dc5059da\" data-blockid=\"996ce78f-a623-4700-887a-e680dc5059da\">Selected Publications<\/h2>\n\n\n<ul class=\"has-black-color has-text-color wp-block-list\">\n<li><strong>Uz, M.;<\/strong> Mahlicli, F.Y.; Seker, R.; Altinkaya, S.A.; Development of AgCl-TiO<sub>2<\/sub> xerogels entrapped antibacterial polyacrylonitrile membranes: The effect of high salinity water on silver release, antibiofouling and antibacterial efficacies. <em>Desalination<\/em> 2020, 492, 114496. (<a rel=\"noopener\" href=\"https:\/\/doi.org\/10.1016\/j.desal.2020.114496\" target=\"_blank\">https:\/\/doi.org\/10.1016\/j.desal.2020.114496 <\/a>)<\/li>\n\n\n\n<li><strong>Uz M.,<\/strong> Matthew T. Lentner, Kyle Jackson, Maxsam S. Donta, Juhyung Jung, John Hondred, Eric Mach, Jonathan Claussen and Surya K. Mallapragada; Fabrication of 2D and 3D High-resolution Graphene Circuits using a Microfluidic Approach for Sensor Applications. <em>ACS Applied Materials and Interfaces <\/em>2020, 12, 11, 13529\u201313539. (<a rel=\"noopener\" href=\"https:\/\/pubs.acs.org\/doi\/10.1021\/acsami.9b23460\" target=\"_blank\">https:\/\/pubs.acs.org\/doi\/10.1021\/acsami.9b23460 <\/a> )<\/li>\n\n\n\n<li>Bar C., <strong>Uz M.,<\/strong> Mallapragada S., Altinkaya S.A.; Self-assembled Thin Film Composite Nanofiltration Membranes Based on a pH and Temperature Responsive Pentablock Copolymer.<em> ACS Applied Materials and Interfaces, <\/em>2019, 11, 34. (<a href=\"https:\/\/doi.org\/10.1021\/acsami.9b10273\" target=\"_blank\" rel=\"noopener\">https:\/\/doi.org\/10.1021\/acsami.9b10273 <\/a>) &nbsp;&nbsp;&nbsp;<\/li>\n\n\n\n<li><strong>Uz, M.;<\/strong> Hondred J. A.; Donta M.; Juhyung J.; KozikE.; Sandquist E. J.; Sakaguchi D. S.; Claussen J. C.; and Mallapragada S., Determination of Electrical Stimuli Parameters to Transdifferentiate Genetically Engineered Mesenchymal Stem Cells into Neuronal or Glial Lineages. <em>Regenerative Engineering and Translational Medicine,<\/em> 2019, 1-11. <strong><em>(In Honor of Robert Langer&#8217;s 70<sup>th<\/sup> Birthday)<\/em><\/strong> (<a href=\"https:\/\/doi.org\/10.1007\/s40883-019-00126-1\" target=\"_blank\" rel=\"noopener\">https:\/\/doi.org\/10.1007\/s40883-019-00126-1 <\/a>)<\/li>\n\n\n\n<li><strong>Uz, M.;<\/strong> Jackson, K.; Donta M.; Juhyung J.; Matthew T. Lentner; Hondred J.; Sakaguchi D. S.; Claussen J. C.; and Mallapragada S.; Fabrication of High-resolution Graphene-based Flexible Electronics via Polymer Casting. <em>Scientific Reports<\/em>, 2019, 9, 1, 10595<em>. <strong>(Top 100 in Materials Science collection, highlighting the most downloaded materials science papers published in 2019)<\/strong> <\/em>(<a href=\"https:\/\/doi.org\/10.1038\/s41598-019-46978-z\" target=\"_blank\" rel=\"noopener\">https:\/\/doi.org\/10.1038\/s41598-019-46978-z <\/a>) <\/li>\n\n\n\n<li><strong>Uz, M.;<\/strong> Donta, M.; Mededovic, M.; Sakaguchi, D. S.; Mallapragada, S. K., Development of Gelatin and Graphene-Based Nerve Regeneration Conduits Using 3D Printing Strategies for Electrical Transdifferentiation of Mesenchymal Stem Cells. <em>ACS Industrial &amp; Engineering Chemistry Research<\/em> 2019, 58, 18, 7421-7427. (<a href=\"https:\/\/doi.org\/10.1021\/acs.iecr.8b05537\" target=\"_blank\" rel=\"noopener\">https:\/\/doi.org\/10.1021\/acs.iecr.8b05537 <\/a>)<\/li>\n\n\n\n<li><strong>Uz, M.;<\/strong> Kalaga, M.; Pothuraju, R.; Ju, J.; Junker, W. M.; Batra, S. K.; Mallapragada, S.; Rachagani, S., Dual delivery nanoscale device for miR-345 and gemcitabine co-delivery to treat pancreatic cancer. <em>Journal of Controlled Release<\/em> 2019, 294, 237-246. (<a rel=\"noopener\" href=\"https:\/\/doi.org\/10.1016\/j.jconrel.2018.12.031\" target=\"_blank\">https:\/\/doi.org\/10.1016\/j.jconrel.2018.12.031 <\/a>)<\/li>\n\n\n\n<li><strong>Uz, M.;<\/strong> Das, S. R.; Ding, S.; Sakaguchi, D. S.; Claussen, J. C.; Mallapragada, S. K., Advances in Controlling Differentiation of Adult Stem Cells for Peripheral Nerve Regeneration. <em>Advanced Healthcare Materials<\/em> 2018, 7, 14, 1701046. (<a href=\"https:\/\/doi.org\/10.1002\/adhm.201701046\" target=\"_blank\" rel=\"noopener\">https:\/\/doi.org\/10.1002\/adhm.201701046 <\/a>)<\/li>\n\n\n\n<li>Sharma, A. D.; Wiederin, J.; <strong>Uz, M.;<\/strong> Ciborowski, P.; Mallapragada, S. K.; Gendelman, H. E.; Sakaguchi, D. S., Proteomic analysis of mesenchymal to Schwann cell transdifferentiation. <em>Journal of Proteomics<\/em> 2017, 165, 93. (<a href=\"https:\/\/doi.org\/10.1016\/j.jprot.2017.06.011\" target=\"_blank\" rel=\"noopener\">https:\/\/doi.org\/10.1016\/j.jprot.2017.06.011 <\/a>)<\/li>\n\n\n\n<li>Das, S. R.<sup>#<\/sup>; <strong>Uz, M.<sup>#<\/sup>;<\/strong> Ding, S.; Lentner, M. T.; Hondred, J. A.; Cargill, A. A.; Sakaguchi, D. S.; Mallapragada, S.; Claussen, J. C., Electrical Differentiation of Mesenchymal Stem Cells into Schwann-Cell-Like Phenotypes Using Inkjet-Printed Graphene Circuits. <em>Advanced Healthcare Materials<\/em> 2017, 6, 7, 1601087. <strong><em>(<sup>#<\/sup>Authors with equal contributions. Selected as cover art. The most highly downloaded article in the journal in the first three months.)<\/em><\/strong> (<a href=\"https:\/\/doi.org\/10.1002\/adhm.201601087\" target=\"_blank\" rel=\"noopener\">https:\/\/doi.org\/10.1002\/adhm.201601087 <\/a>)<\/li>\n\n\n\n<li><strong>Uz, M.;<\/strong> B\u00fcy\u00fck\u00f6z, M.; Sharma, A. D.; Sakaguchi, D. S.; Altinkaya, S. A.; Mallapragada, S. K., Gelatin-based 3D conduits for transdifferentiation of mesenchymal stem cells into Schwann cell-like phenotypes. <em>Acta Biomaterialia<\/em> 2017, 53, 293-306. (<a href=\"https:\/\/doi.org\/10.1016\/j.actbio.2017.02.018\" target=\"_blank\" rel=\"noopener\">https:\/\/doi.org\/10.1016\/j.actbio.2017.02.018 <\/a>)<\/li>\n\n\n\n<li><strong>Uz, M.;<\/strong> Sharma, A. D.; Adhikari, P.; Sakaguchi, D. S.; Mallapragada, S. K., Development of multifunctional films for peripheral nerve regeneration. <em>Acta Biomaterialia<\/em> 2017, 56, 141-152. (<a rel=\"noopener\" href=\"https:\/\/doi.org\/10.1016\/j.actbio.2016.09.039\" target=\"_blank\">https:\/\/doi.org\/10.1016\/j.actbio.2016.09.039 <\/a>)<\/li>\n<\/ul>\n\n\n\n<p class=\"has-black-color has-text-color\">For complete list of publications, book chapters and patents visit <a rel=\"noopener\" href=\"https:\/\/scholar.google.com\/citations?user=x4r94LYAAAAJ&amp;hl=en\" data-type=\"URL\" data-id=\"https:\/\/scholar.google.com\/citations?user=x4r94LYAAAAJ&amp;hl=en\" target=\"_blank\"><strong>Google Scholar<\/strong> <\/a>.<\/p>\n\n\n<h2 style=\"background-color: #EEF4F3;font-size: 40px;letter-spacing: 0px;text-transform: None;, sans-serif;font-weight: Normal;line-height: 42px\" class=\"ub_advanced_heading wp-block-ub-advanced-heading\" id=\"ub-advanced-heading-af4bfb4b-c253-4d4b-9bbf-3472ee9866da\" data-blockid=\"af4bfb4b-c253-4d4b-9bbf-3472ee9866da\">News and Announcements<\/h2>\n\n\n<div class=\"wp-block-columns is-layout-flex wp-container-core-columns-is-layout-9d6595d7 wp-block-columns-is-layout-flex\">\n<div class=\"wp-block-column is-layout-flow wp-block-column-is-layout-flow\">\n<p><strong>April 2023:<\/strong> Congratulations to Sabrina for winning the Individual Medalist Honors and being a Horizon League Conference Champion! Best of luck in post season play! Click the <a rel=\"noopener\" href=\"https:\/\/engineering.csuohio.edu\/news\/sabrina-coffman-biomedical-engineering-major-becomes-golf-programs-first-ever-horizon-league\" data-type=\"URL\" data-id=\"https:\/\/engineering.csuohio.edu\/news\/sabrina-coffman-biomedical-engineering-major-becomes-golf-programs-first-ever-horizon-league\" target=\"_blank\">link <\/a> for more!<\/p>\n\n\n\n<p><strong>April 2023:<\/strong> Dr. Uz is officially affiliated with Biomedical Engineering Department in Lerner Research Institute at Cleveland Clinic. This will further UZ-Lab capabilities and will foster strong collaborations.<\/p>\n\n\n\n<p><strong>March 2023: NIH Grant Awarded!!! <\/strong>Dr. Uz has just been awarded a new NIDDK\/NIH Stephen I. Katz Early Stage Investigator Research Project Grant-R01 providing $2,339,409 in funding over five years to advance UZ-Lab&#8217;s research in the field of Urology. In this project, Dr. Uz will be collaborating with Dr. Margot Damaser from Cleveland Clinic Lerner Research Institute, and Dr. John Rogers from Northwestern University. Here is <a href=\"https:\/\/engineering.csuohio.edu\/news\/dr-metin-uz-awarded-23m-national-institute-health-r01-grant\" data-type=\"URL\" data-id=\"https:\/\/engineering.csuohio.edu\/news\/dr-metin-uz-awarded-23m-national-institute-health-r01-grant\" target=\"_blank\" rel=\"noopener\">the link for the news! <\/a><\/p>\n\n\n\n<p><strong>January 2023: NSF Grant Awarded!!! <\/strong>Our collaborative project entitled &#8220;Restoring the Mechanosensation in Engineered Skin using Controllable Cellular and Extracellular Cues&#8221; got an award of $503,973 for three years. UZ-Lab will be working closely with our collaborator, Dr. Hasan Erbil Abaci from Columbia University, Dermatology Department.<\/p>\n\n\n\n<p>For more visit our&nbsp;<strong>group website<\/strong>.&nbsp;<\/p>\n<\/div>\n\n\n\n<div class=\"wp-block-column is-layout-flow wp-block-column-is-layout-flow\">\n<figure class=\"wp-block-embed is-type-rich is-provider-twitter wp-block-embed-twitter\"><div class=\"wp-block-embed__wrapper\">\n<a class=\"twitter-timeline\" data-width=\"1110\" data-height=\"1000\" data-dnt=\"true\" href=\"https:\/\/twitter.com\/metinuz_PhD?ref_src=twsrc%5Etfw\">Tweets by metinuz_PhD <\/a><script async src=\"https:\/\/platform.twitter.com\/widgets.js\" charset=\"utf-8\"><\/script>\n<\/div><\/figure>\n<\/div>\n<\/div>\n\n\n<h2 style=\"background-color: #EEF4F3;font-size: 40px;letter-spacing: 0px;text-transform: None;, sans-serif;font-weight: Normal;line-height: 42px\" class=\"ub_advanced_heading wp-block-ub-advanced-heading\" id=\"ub-advanced-heading-f444354c-ea67-4160-bca1-0c2f7fd2f13e\" data-blockid=\"f444354c-ea67-4160-bca1-0c2f7fd2f13e\">Contact Us<\/h2>\n\n\n<p class=\"has-black-color has-text-color\">If you would like to join our team, please contact Dr. Metin Uz by<strong> <a rel=\"noopener\" href=\"m.uz@csuohio.edu\" data-type=\"URL\" data-id=\"m.uz@csuohio.edu\" target=\"_blank\">email <\/a><\/strong> and include your C.V. with a brief description of interests specific to our work. Requirements may change based on the funding availability and project needs, but we are always excited to meet exceptionally talented and highly motivated postdocs, Ph.D. and M.Sc. students to join our new and competitive research team.<\/p>\n\n\n\n<p class=\"has-black-color has-text-color\">Follow us on&nbsp;<a rel=\"noopener\" href=\"https:\/\/www.linkedin.com\/in\/metin-uz-680288a\/\" data-type=\"URL\" data-id=\"https:\/\/www.linkedin.com\/in\/metin-uz-680288a\/\" target=\"_blank\"><strong>LinkedIn<\/strong> <\/a> and <a rel=\"noopener\" href=\"https:\/\/twitter.com\/metinuz_PhD\" data-type=\"URL\" data-id=\"https:\/\/twitter.com\/metinuz_PhD\" target=\"_blank\"><strong>Twitter<\/strong> <\/a>&nbsp;or visit our&nbsp;<strong>group website<\/strong>.&nbsp;<\/p>\n","protected":false},"excerpt":{"rendered":"<p>UZ-Lab@CSU aims to address the challenges in life sciences and medicine by using engineering-centered approaches. Our multidisciplinary work in collaboration with academic and industrial partners focuses on biomaterials, flexible\/piezo-electronics, tissue engineering, regenerative medicine, drug\/gene delivery and membrane separation applications. With our research efforts, UZ-Lab@CSU is ultimately aiming to develop simple, inexpensive, easy-to-use, yet broadly applicable&mldr;<\/p>\n","protected":false},"author":55,"featured_media":0,"parent":0,"menu_order":0,"comment_status":"closed","ping_status":"closed","template":"","meta":{"_relevanssi_hide_post":"","_relevanssi_hide_content":"","_relevanssi_pin_for_all":"","_relevanssi_pin_keywords":"","_relevanssi_unpin_keywords":"","_relevanssi_related_keywords":"","_relevanssi_related_include_ids":"","_relevanssi_related_exclude_ids":"","_relevanssi_related_no_append":"","_relevanssi_related_not_related":"","_relevanssi_related_posts":"1","_relevanssi_noindex_reason":"","footnotes":""},"class_list":["post-16","page","type-page","status-publish","hentry"],"featured_image_src":null,"_links":{"self":[{"href":"https:\/\/academic.csuohio.edu\/uz-lab\/wp-json\/wp\/v2\/pages\/16","targetHints":{"allow":["GET"]}}],"collection":[{"href":"https:\/\/academic.csuohio.edu\/uz-lab\/wp-json\/wp\/v2\/pages"}],"about":[{"href":"https:\/\/academic.csuohio.edu\/uz-lab\/wp-json\/wp\/v2\/types\/page"}],"author":[{"embeddable":true,"href":"https:\/\/academic.csuohio.edu\/uz-lab\/wp-json\/wp\/v2\/users\/55"}],"replies":[{"embeddable":true,"href":"https:\/\/academic.csuohio.edu\/uz-lab\/wp-json\/wp\/v2\/comments?post=16"}],"version-history":[{"count":123,"href":"https:\/\/academic.csuohio.edu\/uz-lab\/wp-json\/wp\/v2\/pages\/16\/revisions"}],"predecessor-version":[{"id":291,"href":"https:\/\/academic.csuohio.edu\/uz-lab\/wp-json\/wp\/v2\/pages\/16\/revisions\/291"}],"wp:attachment":[{"href":"https:\/\/academic.csuohio.edu\/uz-lab\/wp-json\/wp\/v2\/media?parent=16"}],"curies":[{"name":"wp","href":"https:\/\/api.w.org\/{rel}","templated":true}]}}